{"id":971,"date":"2015-03-14T20:14:41","date_gmt":"2015-03-14T19:14:41","guid":{"rendered":"http:\/\/www.repaircafesaint-egreve.fr\/?page_id=971"},"modified":"2015-12-15T11:47:22","modified_gmt":"2015-12-15T10:47:22","slug":"moteur-universel","status":"publish","type":"page","link":"https:\/\/www.repaircafesaint-egreve.fr\/?page_id=971","title":{"rendered":"Moteur \u00e9lectrique"},"content":{"rendered":"<h2>\u00a0Moteurs \u00e9lectriques monophas\u00e9s AC ou DC (alternatif ou continu)<br \/>\nque l&rsquo;on rencontre dans les Repair Cafe<br \/>\n4 types de moteurs\u00a0nous int\u00e9ressent<br \/>\n*\u00a0 moteur \u00e0 aimant permanent<br \/>\n* moteur universel<br \/>\n* moteur asynchrone<br \/>\n* moteur pas \u00e0 pas<\/h2>\n<h2><span style=\"text-decoration: underline;\"><strong>1. Moteur \u00e0 aimant permanent<\/strong><\/span><\/h2>\n<p style=\"text-align: left;\"><a href=\"https:\/\/www.repaircafesaint-egreve.fr\/wp-content\/uploads\/2015\/12\/Sans-titre.jpg\"><img loading=\"lazy\" decoding=\"async\" class=\"size-thumbnail wp-image-1128 alignleft\" src=\"https:\/\/www.repaircafesaint-egreve.fr\/wp-content\/uploads\/2015\/12\/Sans-titre-150x150.jpg\" alt=\"Sans titre\" width=\"150\" height=\"150\" srcset=\"https:\/\/www.repaircafesaint-egreve.fr\/wp-content\/uploads\/2015\/12\/Sans-titre-150x150.jpg 150w, https:\/\/www.repaircafesaint-egreve.fr\/wp-content\/uploads\/2015\/12\/Sans-titre-300x300.jpg 300w, https:\/\/www.repaircafesaint-egreve.fr\/wp-content\/uploads\/2015\/12\/Sans-titre.jpg 600w\" sizes=\"auto, (max-width: 150px) 100vw, 150px\" \/><\/a>Ce moteur ne fonctionne qu&rsquo;en continu (DC) puisqu&rsquo;il n&rsquo;y a pas de champ magn\u00e9rique variable.Si un conducteur en forme de spire, parcouru\u00a0 par un courant, est\u00a0 plac\u00e9 dans un champ\u00a0\u00a0 magn\u00e9tique, il est soumis \u00e0 des forces<br \/>\nde Laplace.\u00a0 Le rotor, (partie tournante), est constitu\u00e9 d&rsquo;un noyau<br \/>\nm\u00e9tallique avec un bobinage de cuivre, le stator\u00a0 comporte\u00a0 des\u00a0 aimants\u00a0 permanents\u00a0 qui\u00a0 engendrent\u00a0 un\u00a0 champ\u00a0 magn\u00e9tique\u00a0 dont\u00a0 le\u00a0 flux traverse le rotor. L&rsquo;espace \u00e9troit entre le rotor et le stator est nomm\u00e9 entrefer.<\/p>\n<p><a href=\"https:\/\/www.repaircafesaint-egreve.fr\/wp-content\/uploads\/2015\/12\/Sans-titre1.jpg\"><img loading=\"lazy\" decoding=\"async\" class=\" wp-image-1129 alignright\" src=\"https:\/\/www.repaircafesaint-egreve.fr\/wp-content\/uploads\/2015\/12\/Sans-titre1-300x130.jpg\" alt=\"Sans titre1\" width=\"364\" height=\"158\" srcset=\"https:\/\/www.repaircafesaint-egreve.fr\/wp-content\/uploads\/2015\/12\/Sans-titre1-300x130.jpg 300w, https:\/\/www.repaircafesaint-egreve.fr\/wp-content\/uploads\/2015\/12\/Sans-titre1.jpg 706w\" sizes=\"auto, (max-width: 364px) 100vw, 364px\" \/><\/a>Le courant consomm\u00e9 par le moteur est directement li\u00e9 au couple r\u00e9sistant sur l&rsquo;arbre. D&rsquo;o\u00f9 le risque de griller le moteur si le rotor est bloqu\u00e9<br \/>\nPour faire varier la fr\u00e9quence de rotation, il faut<br \/>\nfaire varier la tension d&rsquo;alimentation U<br \/>\n\u00c0 suivre, en cours \u2026\u2026\u2026\u2026\u2026..<\/p>\n<h2><span style=\"text-decoration: underline;\"><b>2.moteur universel et son frein<\/b><\/span><\/h2>\n<h3>le moteur<\/h3>\n<p><span style=\"font-size: large;\"><span style=\"text-decoration: underline;\"><b><a href=\"https:\/\/www.repaircafesaint-egreve.fr\/wp-content\/uploads\/2015\/03\/univ1.jpg\"><img loading=\"lazy\" decoding=\"async\" class=\"aligncenter size-large wp-image-973\" src=\"https:\/\/www.repaircafesaint-egreve.fr\/wp-content\/uploads\/2015\/03\/univ1-1024x535.jpg\" alt=\"univ1\" width=\"510\" height=\"266\" srcset=\"https:\/\/www.repaircafesaint-egreve.fr\/wp-content\/uploads\/2015\/03\/univ1-1024x535.jpg 1024w, https:\/\/www.repaircafesaint-egreve.fr\/wp-content\/uploads\/2015\/03\/univ1-300x157.jpg 300w, https:\/\/www.repaircafesaint-egreve.fr\/wp-content\/uploads\/2015\/03\/univ1.jpg 1792w\" sizes=\"auto, (max-width: 510px) 100vw, 510px\" \/><\/a><\/b><\/span><\/span><\/p>\n<p>Le rotor est connect\u00e9 en s\u00e9rie avec l&rsquo;enroulement inducteur, ce qui permet que les courants du rotor et du stator soient toujours dans le m\u00eame sens. Il peut donc \u00eatre aliment\u00e9 indiff\u00e9remment en courant continu ou en courant alternatif, d&rsquo;o\u00f9 son nom.<\/p>\n<p>L&rsquo;enroulement du rotor est bobin\u00e9 de fa\u00e7on pr\u00e9cise pour une bonne distribution du courant dans le champ et une commutation correcte. Des prises interm\u00e9diaires sont reli\u00e9s \u00e0 un collecteur munis de lames isol\u00e9es l&rsquo;une de l&rsquo;autre. Des balais B, B&rsquo; , aussi d\u00e9nomm\u00e9 charbons, munis de ressort de pression frottent sur ces lames<a href=\"https:\/\/www.repaircafesaint-egreve.fr\/wp-content\/uploads\/2015\/03\/univ2.jpg\"><img loading=\"lazy\" decoding=\"async\" class=\"aligncenter size-full wp-image-974\" src=\"https:\/\/www.repaircafesaint-egreve.fr\/wp-content\/uploads\/2015\/03\/univ2.jpg\" alt=\"univ2\" width=\"435\" height=\"320\" srcset=\"https:\/\/www.repaircafesaint-egreve.fr\/wp-content\/uploads\/2015\/03\/univ2.jpg 435w, https:\/\/www.repaircafesaint-egreve.fr\/wp-content\/uploads\/2015\/03\/univ2-300x221.jpg 300w\" sizes=\"auto, (max-width: 435px) 100vw, 435px\" \/><\/a><\/p>\n<p>Le couple de cette machine est proportionnel au carr\u00e9 de l&rsquo; intensit\u00e9. Leur couple est faible, mais leur vitesse de rotation est importante. Quand ils sont utilis\u00e9s dans des dispositifs exigeant un couple important, ils sont associ\u00e9s \u00e0 un r\u00e9ducteur m\u00e9canique.<\/p>\n<p>Tr\u00e8s utilis\u00e9 pour l&rsquo;\u00e9lectrom\u00e9nager et l&rsquo;outillage \u00e9lectroportatif de faible puissance (jusqu\u2019aux alentours de 1,2\u00a0kW) . Ces moteurs sont aussi tr\u00e8s utilis\u00e9s avec les aspirateurs. Dans ce cas la turbine est en direct avec le moteur et l&rsquo;air aspir\u00e9 circule dans l&rsquo;entrefer, ce qui permet de bien refroidir le moteur.<\/p>\n<p>La vitesse de rotation de ces moteurs est proportionnelle \u00e0 la valeur de la tension d&rsquo;alimentation. En r\u00e9gime de courant alternatif, elle peut \u00eatre facilement r\u00e9gl\u00e9e par un dispositif peu co\u00fbteux tel que le gradateur \u00e0 angle de phase (Triac), le m\u00eame genre de variateur qui sert \u00e0 r\u00e9gler l&rsquo;intensit\u00e9 lumineuse des luminaires. Mais la vitesse variant fortement selon la charge, cela reste souvent impr\u00e9cis et sujet \u00e0 fluctuation. <span style=\"font-family: Liberation Serif,serif;\"><span style=\"font-size: medium;\">La relation entre la puissance moyenne dissip\u00e9e dans la charge et le signal de commande n\u2019est pas lin\u00e9aire. <\/span><\/span>Bon fonctionnement sur aspirateur car la charge est constante, al\u00e9atoire sur la perceuse.<\/p>\n<p>Inconv\u00e9nients<\/p>\n<ul>\n<li>Mauvais rendement (de 20\u00a0% \u00e0 40\u00a0%).<\/li>\n<li>Usure des balais alimentant le rotor<\/li>\n<li>Les ruptures de contact successives, inh\u00e9rentes au fonctionnement de l&rsquo;ensemble balais-collecteur, g\u00e9n\u00e8rent des parasites dans le circuit d&rsquo;alimentation et des interf\u00e9rences \u00e9lectromagn\u00e9tiques,<a href=\"https:\/\/www.repaircafesaint-egreve.fr\/wp-content\/uploads\/2015\/03\/univ3.jpg\"><img loading=\"lazy\" decoding=\"async\" class=\"aligncenter size-full wp-image-975\" src=\"https:\/\/www.repaircafesaint-egreve.fr\/wp-content\/uploads\/2015\/03\/univ3.jpg\" alt=\"univ3\" width=\"282\" height=\"138\" \/><\/a><\/li>\n<\/ul>\n<p><a name=\"Avantages\"><\/a>Avantages<\/p>\n<ul>\n<li>Co\u00fbts de fabrication tr\u00e8s faibles.<\/li>\n<li>Grande facilit\u00e9 de variation de vitesse.<\/li>\n<\/ul>\n<p><span style=\"font-family: Liberation Serif,serif;\"><span style=\"font-size: medium;\">D\u00e9pannage<br \/>\n<\/span><\/span><\/p>\n<ul>\n<li><span style=\"font-family: Liberation Serif,serif;\"><span style=\"font-size: medium;\">Alimentez en direct le moteur, sans le gradateur pour confirmer que le d\u00e9faut est bien au niveau de celui-ci et non du gradateur (Triac, potentiom\u00e8tre)<br \/>\n<\/span><\/span><\/li>\n<li><span style=\"font-family: Liberation Serif,serif;\"><span style=\"font-size: medium;\">La visualisation du collecteur de l\u2019induit permet parfois de ne pas pousser plus loin le contr\u00f4le car un d\u00e9faut d\u2019induit se r\u00e9percute \u00e0 99% des cas sur le collecteur. Le collecteur doit avoir une couleur uniforme sur toute les lames, donc un changement de couleur \u00a0sur une lame ou une br\u00fblure entre 2 lames tr\u00e8s visibles \u00e0 l\u2019\u0153il \u00a0signifie la mise \u00ab\u00a0Hors Service\u00a0\u00bb de l\u2019induit. Toutefois si la br\u00fblure est l\u00e9g\u00e8re et a \u00e9t\u00e9 provoqu\u00e9e par un balai mal positionn\u00e9 (ressort du porte balais avachi par exemple) il est pr\u00e9f\u00e9rable de continuer le contr\u00f4le.<br \/>\n<\/span><\/span><\/li>\n<li><span style=\"font-family: Liberation Serif,serif;\"><span style=\"font-size: medium;\">Mesure avec un contr\u00f4leur\u00a0: <\/span><\/span><span style=\"font-family: Liberation Serif,serif;\"><span style=\"font-size: medium;\">Il faut mesurer la r\u00e9sistance entre chaque lame du collecteur tout autour de l\u2019induit, la r\u00e9sistance \u00e0 mesurer \u00e9tant tr\u00e8s faible, le contr\u00f4leur doit \u00eatre d\u2019excellente qualit\u00e9. Peu importe la valeur de la mesure mais elle doit \u00eatre rigoureusement la m\u00eame entre chaque lame sinon il y a d\u00e9faut et l\u2019induit peut \u00eatre class\u00e9 \u00ab\u00a0HS\u00a0\u00bb.<br \/>\n<\/span><\/span><\/li>\n<li><span style=\"font-family: Liberation Serif,serif;\"><span style=\"font-size: medium;\">Ensuite, il faut v\u00e9rifier le bon \u00e9tat des balais et leur libre mouvement.<br \/>\n<\/span><\/span><\/li>\n<li><span style=\"font-family: Liberation Serif,serif;\"><span style=\"font-size: medium;\">L&rsquo;inducteur peu<\/span><\/span><span style=\"font-family: Liberation Serif,serif;\"><span style=\"font-size: medium;\">t<\/span><\/span><span style=\"font-family: Liberation Serif,serif;\"><span style=\"font-size: medium;\"> \u00eatre coup\u00e9. Facile \u00e0 v\u00e9rifier.<br \/>\n<\/span><\/span><\/li>\n<li><span style=\"font-family: Liberation Serif,serif;\"><span style=\"font-size: medium;\">L<\/span><\/span><span style=\"font-family: Liberation Serif,serif;\"><span style=\"font-family: Liberation Serif,serif;\"><span style=\"font-size: medium;\">e condensateur anti-parasite est de type X2 (X1 aussi), ce qui veut dire qu&rsquo;il ne peut finir en Court-circuit. Mais je viens d&rsquo;en voir successivement deux exploser : <strong>fortes \u00e9tincelles, projection de mati\u00e8re en fusion<\/strong>. Pensez \u00e0 mettre un \u00e9cran avant essai ouvert (carton, plastique \u00e9pais). Ou le remplacer (valeur approximative, mais X2 imp\u00e9ratif).<\/span><\/span><\/span><\/li>\n<\/ul>\n<h3><span style=\"color: #000000;\"><span style=\"font-family: Liberation Serif,serif;\"><span style=\"font-size: medium;\"> Le frein<\/span><\/span><\/span><\/h3>\n<p><span style=\"color: #000000;\"><span style=\"font-family: Liberation Serif,serif;\"><span style=\"font-size: medium;\">Lorsque la rotation du moteur doit s&rsquo;arr\u00eater sans d\u00e9lai pour \u00e9viter le risque de blessure (exemples\u00a0: hachoir, taille-haie ), le moteur doir \u00eatre frein\u00e9.<\/span><\/span><\/span><\/p>\n<p><span style=\"font-family: Liberation Serif,serif;\"><span style=\"font-size: medium;\"> <span style=\"color: #000000;\">Voici la solution utilis\u00e9 sur un hachoir de cuisine.<br \/>\n<\/span><span style=\"color: #000000;\">Le principe est d&rsquo;utiliser la r\u00e9versibilit\u00e9 du moteur\u00a0: La rotation du rotor (induit) va g\u00e9n\u00e9rer un force \u00e9lectromotrice pourvu qu&rsquo;un champ magn\u00e9tique existe (par le stator, l&rsquo;inducteur). Deux interrupteurs bascule<\/span><span style=\"color: #000000;\">nt<\/span><span style=\"color: #000000;\"> lorsque l&rsquo;on enl\u00e8ve le couvercl<\/span><\/span><\/span>e<br \/>\n<a href=\"https:\/\/www.repaircafesaint-egreve.fr\/wp-content\/uploads\/2015\/04\/frein1.jpg\"><img loading=\"lazy\" decoding=\"async\" class=\"wp-image-1005 alignleft\" src=\"https:\/\/www.repaircafesaint-egreve.fr\/wp-content\/uploads\/2015\/04\/frein1-1024x768.jpg\" alt=\"frein1\" width=\"198\" height=\"149\" srcset=\"https:\/\/www.repaircafesaint-egreve.fr\/wp-content\/uploads\/2015\/04\/frein1-1024x768.jpg 1024w, https:\/\/www.repaircafesaint-egreve.fr\/wp-content\/uploads\/2015\/04\/frein1-300x225.jpg 300w, https:\/\/www.repaircafesaint-egreve.fr\/wp-content\/uploads\/2015\/04\/frein1.jpg 1200w\" sizes=\"auto, (max-width: 198px) 100vw, 198px\" \/><\/a><a href=\"https:\/\/www.repaircafesaint-egreve.fr\/wp-content\/uploads\/2015\/04\/frein2.jpg\"><img loading=\"lazy\" decoding=\"async\" class=\" wp-image-1006 alignleft\" src=\"https:\/\/www.repaircafesaint-egreve.fr\/wp-content\/uploads\/2015\/04\/frein2-1024x768.jpg\" alt=\"frein2\" width=\"197\" height=\"148\" srcset=\"https:\/\/www.repaircafesaint-egreve.fr\/wp-content\/uploads\/2015\/04\/frein2-1024x768.jpg 1024w, https:\/\/www.repaircafesaint-egreve.fr\/wp-content\/uploads\/2015\/04\/frein2-300x225.jpg 300w, https:\/\/www.repaircafesaint-egreve.fr\/wp-content\/uploads\/2015\/04\/frein2.jpg 1200w\" sizes=\"auto, (max-width: 197px) 100vw, 197px\" \/><\/a><a href=\"https:\/\/www.repaircafesaint-egreve.fr\/wp-content\/uploads\/2015\/04\/frein3.jpg\"><img loading=\"lazy\" decoding=\"async\" class=\"wp-image-1007 alignleft\" src=\"https:\/\/www.repaircafesaint-egreve.fr\/wp-content\/uploads\/2015\/04\/frein3-1024x768.jpg\" alt=\"frein3\" width=\"197\" height=\"148\" srcset=\"https:\/\/www.repaircafesaint-egreve.fr\/wp-content\/uploads\/2015\/04\/frein3-1024x768.jpg 1024w, https:\/\/www.repaircafesaint-egreve.fr\/wp-content\/uploads\/2015\/04\/frein3-300x225.jpg 300w, https:\/\/www.repaircafesaint-egreve.fr\/wp-content\/uploads\/2015\/04\/frein3.jpg 1200w\" sizes=\"auto, (max-width: 197px) 100vw, 197px\" \/><\/a><\/p>\n<p><span style=\"font-family: Liberation Serif,serif;\"><span style=\"font-size: medium;\"><span style=\"color: #000000;\"><\/p>\n<p>Le rotor d\u00e9bite sur la bobine qui g\u00e9n\u00e8re un flux inverse, tendant \u00e0 faire tourner le rotor dans l&rsquo;autre sens =&gt; blocage <\/span><\/span><\/span><\/p>\n<p><a href=\"https:\/\/www.repaircafesaint-egreve.fr\/wp-content\/uploads\/2015\/12\/Capture-1.png\"><img loading=\"lazy\" decoding=\"async\" class=\"size-medium wp-image-1132 alignleft\" src=\"https:\/\/www.repaircafesaint-egreve.fr\/wp-content\/uploads\/2015\/12\/Capture-1-300x284.png\" alt=\"Capture-1\" width=\"300\" height=\"284\" srcset=\"https:\/\/www.repaircafesaint-egreve.fr\/wp-content\/uploads\/2015\/12\/Capture-1-300x284.png 300w, https:\/\/www.repaircafesaint-egreve.fr\/wp-content\/uploads\/2015\/12\/Capture-1.png 527w\" sizes=\"auto, (max-width: 300px) 100vw, 300px\" \/><\/a><a href=\"https:\/\/www.repaircafesaint-egreve.fr\/wp-content\/uploads\/2015\/12\/Capture-2.png\"><img loading=\"lazy\" decoding=\"async\" class=\"aligncenter size-medium wp-image-1133\" src=\"https:\/\/www.repaircafesaint-egreve.fr\/wp-content\/uploads\/2015\/12\/Capture-2-283x300.png\" alt=\"Capture-2\" width=\"283\" height=\"300\" srcset=\"https:\/\/www.repaircafesaint-egreve.fr\/wp-content\/uploads\/2015\/12\/Capture-2-283x300.png 283w, https:\/\/www.repaircafesaint-egreve.fr\/wp-content\/uploads\/2015\/12\/Capture-2.png 483w\" sizes=\"auto, (max-width: 283px) 100vw, 283px\" \/><\/a><\/p>\n<p>A suivre , en cours &#8230;.<\/p>\n","protected":false},"excerpt":{"rendered":"<p>\u00a0Moteurs \u00e9lectriques monophas\u00e9s AC ou DC (alternatif ou continu) que l&rsquo;on rencontre dans les Repair Cafe 4 types de moteurs\u00a0nous int\u00e9ressent *\u00a0 moteur \u00e0 aimant permanent * moteur universel * moteur asynchrone * moteur pas \u00e0 pas 1. Moteur \u00e0 aimant permanent Ce moteur ne fonctionne qu&rsquo;en continu (DC) puisqu&rsquo;il n&rsquo;y a pas de champ [&hellip;]<\/p>\n","protected":false},"author":2,"featured_media":0,"parent":918,"menu_order":0,"comment_status":"closed","ping_status":"closed","template":"","meta":{"footnotes":""},"class_list":["post-971","page","type-page","status-publish","hentry"],"blocksy_meta":[],"_links":{"self":[{"href":"https:\/\/www.repaircafesaint-egreve.fr\/index.php?rest_route=\/wp\/v2\/pages\/971","targetHints":{"allow":["GET"]}}],"collection":[{"href":"https:\/\/www.repaircafesaint-egreve.fr\/index.php?rest_route=\/wp\/v2\/pages"}],"about":[{"href":"https:\/\/www.repaircafesaint-egreve.fr\/index.php?rest_route=\/wp\/v2\/types\/page"}],"author":[{"embeddable":true,"href":"https:\/\/www.repaircafesaint-egreve.fr\/index.php?rest_route=\/wp\/v2\/users\/2"}],"replies":[{"embeddable":true,"href":"https:\/\/www.repaircafesaint-egreve.fr\/index.php?rest_route=%2Fwp%2Fv2%2Fcomments&post=971"}],"version-history":[{"count":9,"href":"https:\/\/www.repaircafesaint-egreve.fr\/index.php?rest_route=\/wp\/v2\/pages\/971\/revisions"}],"predecessor-version":[{"id":1135,"href":"https:\/\/www.repaircafesaint-egreve.fr\/index.php?rest_route=\/wp\/v2\/pages\/971\/revisions\/1135"}],"up":[{"embeddable":true,"href":"https:\/\/www.repaircafesaint-egreve.fr\/index.php?rest_route=\/wp\/v2\/pages\/918"}],"wp:attachment":[{"href":"https:\/\/www.repaircafesaint-egreve.fr\/index.php?rest_route=%2Fwp%2Fv2%2Fmedia&parent=971"}],"curies":[{"name":"wp","href":"https:\/\/api.w.org\/{rel}","templated":true}]}}