{"id":927,"date":"2015-03-01T08:28:39","date_gmt":"2015-03-01T07:28:39","guid":{"rendered":"http:\/\/www.repaircafesaint-egreve.fr\/?page_id=927"},"modified":"2026-04-26T11:53:14","modified_gmt":"2026-04-26T10:53:14","slug":"four-micro-onde","status":"publish","type":"page","link":"https:\/\/www.repaircafesaint-egreve.fr\/?page_id=927","title":{"rendered":"four micro-onde"},"content":{"rendered":"<p class=\"western\" align=\"center\"><span style=\"font-size: x-large;\"><span style=\"text-decoration: underline;\"><b>R\u00e9serv\u00e9 aux connaisseurs<br \/><\/b><\/span><\/span><\/p>\n<p class=\"western\">Avant tout, sachez que l&rsquo;ouverture des capots de protection comportent des risques <span style=\"color: #ff0000;\">mortels: Pr\u00e9sence de Haute Tension (4000V) , pr\u00e9sence de condensateur de puissance, \u00e9mission d&rsquo;onde pr\u00e9sentant un risque imm\u00e9diat pour les personnes \u00e9quip\u00e9s de stimulateur<\/span>. A ce niveau de tension, la conduction peut se faire sans contact (dans l&rsquo;air) c.\u00e0.d qu\u2019il n&rsquo;est pas n\u00e9cessaire de toucher l&rsquo;\u00e9l\u00e9ment sous tension pour provoquer le passage d&rsquo;un courant. Je ne vous conseille pas de sp\u00e9culer sur la conductivit\u00e9 de l&rsquo;air ou l&rsquo;effet de pointe pour vous approcher.<\/p>\n<p class=\"western\"><span style=\"text-decoration: underline; color: #ff0000;\"><b> Nous vous d\u00e9conseillons fortement de pratiquer l&rsquo;ouverture des capots si vous n&rsquo;avez pas une parfaite connaissance de ces \u00e9l\u00e9ments \u00e9lectriques et si vu n&rsquo;avez pas eu l&rsquo;occasion d&rsquo;un apprentissage avec une personne ayant de la pratique.<\/b><\/span><\/p>\n<p class=\"western\"><span style=\"color: #ff0000;\">Assurez-vous de la coupure apparente de l&rsquo;alimentation secteur (fiche m\u00e2le d\u00e9branc\u00e9e visible)<\/span> . Compter <span style=\"color: #000000;\"><span style=\"font-size: medium;\"><span lang=\"fr-FR\">deux <\/span><\/span><\/span>minutes avant d&rsquo;entamer la mise \u00e0 nu des composants de puissance (Transformateur, magnetron, condensateur). Les condensateurs sont \u00e9quip\u00e9s d&rsquo;une r\u00e9sistance de d\u00e9charge interne de (10Mohms en g\u00e9n\u00e9ral) car la d\u00e9charge \u00e0 travers le bobinage du transformateur ne peut se faire \u00e0 cause de la diode.\u00a0<\/p>\n<p><img loading=\"lazy\" decoding=\"async\" class=\"aligncenter wp-image-2379 \" src=\"https:\/\/www.repaircafesaint-egreve.fr\/wp-content\/uploads\/2026\/04\/m.png\" alt=\"\" width=\"486\" height=\"434\" srcset=\"https:\/\/www.repaircafesaint-egreve.fr\/wp-content\/uploads\/2026\/04\/m.png 748w, https:\/\/www.repaircafesaint-egreve.fr\/wp-content\/uploads\/2026\/04\/m-300x268.png 300w\" sizes=\"auto, (max-width: 486px) 100vw, 486px\" \/><\/p>\n<p class=\"western\"><span style=\"color: #ff0000;\">MAIS UNE DEFAILLANCE EST TOUJOURS POSSIBLE<\/span>. La v\u00e9rification de la tension comporte un risque puisque nos multim\u00e8tres sont limit\u00e9s \u00e0 1000V calibre continu (pour les meilleurs).<\/p>\n<h2 class=\"western\" lang=\"fr-FR\"><span style=\"font-size: 20px;\">Principe de fonctionnement du magn\u00e9tron (source\u00a0: wikip\u00e9dia)<\/span><\/h2>\n<p><img loading=\"lazy\" decoding=\"async\" class=\"aligncenter wp-image-2369\" src=\"https:\/\/www.repaircafesaint-egreve.fr\/wp-content\/uploads\/2026\/04\/m2-300x152.png\" alt=\"\" width=\"400\" height=\"203\" srcset=\"https:\/\/www.repaircafesaint-egreve.fr\/wp-content\/uploads\/2026\/04\/m2-300x152.png 300w, https:\/\/www.repaircafesaint-egreve.fr\/wp-content\/uploads\/2026\/04\/m2-1024x519.png 1024w, https:\/\/www.repaircafesaint-egreve.fr\/wp-content\/uploads\/2026\/04\/m2-768x390.png 768w, https:\/\/www.repaircafesaint-egreve.fr\/wp-content\/uploads\/2026\/04\/m2.png 1254w\" sizes=\"auto, (max-width: 400px) 100vw, 400px\" \/><\/p>\n<p><img loading=\"lazy\" decoding=\"async\" class=\"aligncenter wp-image-2368\" src=\"https:\/\/www.repaircafesaint-egreve.fr\/wp-content\/uploads\/2026\/04\/m1.png\" alt=\"\" width=\"400\" height=\"271\" \/><\/p>\n<p class=\"western\"><span style=\"font-size: 16px;\"><span style=\"color: #000000;\">Le magn\u00e9tron est un <\/span><span style=\"color: #0000ff;\"><a href=\"https:\/\/fr.wikipedia.org\/wiki\/Tube_%C3%A9lectronique\"><span style=\"color: #000000;\">tube \u00e9lectronique<\/span><\/a><\/span><span style=\"color: #000000;\"> sans <\/span><span style=\"color: #000000;\">grille d\u2019arr\u00eat,<\/span><span style=\"color: #000000;\"> avec une <\/span><span style=\"color: #0000ff;\"><a href=\"https:\/\/fr.wikipedia.org\/wiki\/Cathode\"><span style=\"color: #000000;\">cathode<\/span><\/a><\/span><span style=\"color: #000000;\"> centrale, chauff\u00e9e<\/span><span style=\"color: #000000;\">par un <\/span><span style=\"color: #0000ff;\"><a href=\"https:\/\/fr.wikipedia.org\/wiki\/Filament_(lampe)\"><span style=\"color: #000000;\">filament<\/span><\/a><\/span><span style=\"color: #000000;\">, et une <\/span><span style=\"color: #0000ff;\"><a href=\"https:\/\/fr.wikipedia.org\/wiki\/Anode\"><span style=\"color: #000000;\">anode<\/span><\/a><\/span><span style=\"color: #000000;\"> massique et concentrique dans laquelle sont creus\u00e9es plusieurs <\/span><span style=\"color: #0000ff;\"><a href=\"https:\/\/fr.wikipedia.org\/wiki\/Cavit%C3%A9_r%C3%A9sonnante\"><span style=\"color: #000000;\">cavit\u00e9s r\u00e9sonnantes<\/span><\/a><\/span><span style=\"color: #000000;\">. Un <\/span><span style=\"color: #0000ff;\"><a href=\"https:\/\/fr.wikipedia.org\/wiki\/Champ_magn%C3%A9tique\"><span style=\"color: #000000;\">champ magn\u00e9tique<\/span><\/a><\/span><span style=\"color: #000000;\"> axial est g\u00e9n\u00e9ralement cr\u00e9\u00e9 par deux <\/span><span style=\"color: #0000ff;\"><a href=\"https:\/\/fr.wikipedia.org\/wiki\/Aimant\"><span style=\"color: #000000;\">aimants permanents<\/span><\/a><\/span><span style=\"color: #000000;\"> \u00e0 chaque extr\u00e9mit\u00e9 du tube. Le parcours en <\/span><span style=\"color: #0000ff;\"><a href=\"https:\/\/fr.wikipedia.org\/wiki\/Spirale\"><span style=\"color: #000000;\">spirale<\/span><\/a><\/span><span style=\"color: #000000;\"> (du fait du champ magn\u00e9tique) des <\/span><span style=\"color: #0000ff;\"><a href=\"https:\/\/fr.wikipedia.org\/wiki\/%C3%89lectron\"><span style=\"color: #000000;\">\u00e9lectrons<\/span><\/a><\/span><span style=\"color: #000000;\"> se fait \u00e0 une fr\u00e9quence accord\u00e9e aux cavit\u00e9s r\u00e9sonnantes. <\/span><\/span><\/p>\n<p class=\"western\"><span style=\"font-size: 16px;\">Un court-circuit avec un tournevis (bien isol\u00e9! 2000V!) sous U\u00b2C\/2 joules = <span style=\"color: #000000;\"><span lang=\"fr-FR\">4<\/span><\/span> joules est possible dans notre exemple. <span style=\"color: #000000;\"><span lang=\"fr-FR\">Normalement il ne se passe rien car apr\u00e8s une minute la tension r\u00e9siduelle du condensateur est de 5 Volts<\/span><\/span>. Mais si il IA une d\u00e9faillance, une fois suffirait \u2026<\/span><a href=\"https:\/\/www.repaircafesaint-egreve.fr\/?attachment_id=2246\" rel=\"attachment wp-att-2246\"><img loading=\"lazy\" decoding=\"async\" class=\"aligncenter wp-image-2246 size-full\" src=\"https:\/\/www.repaircafesaint-egreve.fr\/wp-content\/uploads\/2024\/09\/condo2000.png\" alt=\"\" width=\"605\" height=\"340\" srcset=\"https:\/\/www.repaircafesaint-egreve.fr\/wp-content\/uploads\/2024\/09\/condo2000.png 605w, https:\/\/www.repaircafesaint-egreve.fr\/wp-content\/uploads\/2024\/09\/condo2000-300x169.png 300w\" sizes=\"auto, (max-width: 605px) 100vw, 605px\" \/><\/a><span style=\"color: #ff0000;\">Ceci fait op\u00e9rer un raccordement entre la haute tension et la terre que vous maintiendrez en place durant toute la recherche. Par exemple avec un c\u00e2ble de bonne section (2,5 ou plus et de bonne pinces crocos) et contr\u00f4lez l&rsquo;\u00e9quipotentialit\u00e9<\/span><\/p>\n<p class=\"western\">Nous traitons ici d&rsquo;une panne mettant en cause la production d&rsquo;onde. Dans la plupart des cas, des t\u00e9moins, moteur de rotation ou\/et autres auxiliaires (grill,&#8230;) fonctionnent. Sinon, il faut se poser des questions en amont (cordon d&rsquo;alimentation, fusible, d\u00e9ficience interrupteur) comme pour un autre consommateur.<\/p>\n<p class=\"western\">Lorsqu\u2019il y a une minuterie m\u00e9canique l\u2019alimentation du transo est contr\u00f4l\u00e9e par deux jeux de contact\u00a0: un pour le cycle puisque l\u2019on ne peut pas r\u00e9gler la puissance d\u2019un magn\u00e9tron (il marche toujours plein pot) et l\u2019autre li\u00e9 \u00e0 la dur\u00e9e s\u00e9lectionn\u00e9e. Ces contacts coupent EN CHARGE l\u2019alimentation du transformateur et donc vieillissent mal. Il est possible mais d\u00e9licat de d\u00e9monter la minuterie pour nettoyer les contacts car une s\u00e9rie de rouage vont vous sauter \u00e0 la gorge. Les remettre correctement avec le bon d\u00e9calage angulaire est fastidieux. On trouve les minuteries \u00e0 20\u20ac environ. Si minuterie \u00e9lectronique, c\u2019est le relais de commande <span style=\"color: #000000;\"><span style=\"font-size: medium;\"><span lang=\"fr-FR\">qui subira ces \u00ab\u00a0extras courants de rupture\u00a0\u00bb<\/span><\/span><\/span><\/p>\n<p class=\"western\">Citons <span style=\"color: #000000;\"><span style=\"font-size: medium;\"><span lang=\"fr-FR\">aussi <\/span><\/span><\/span>un cas particulier tr\u00e8s fr\u00e9quent, li\u00e9 aux trois contact de porte. L&rsquo;un d&rsquo;eux est un inverseur et fini parfois en \u00e9tant bloqu\u00e9 ferm\u00e9\u00a0: cela provoque immanquablement la fusion du fusible d&rsquo;entr\u00e9e basse tension d\u00e8s la fermeture de porte (avant m\u00eame une demande de chauffe). Il faut remplacer cet inverseur SW3. On peut noter que les contacts sont mal dessin\u00e9s\u00a0: au repos, il est ouvert. Porte ferm\u00e9e, SW1 se ferme, SW2 se ferme (contact faux) et SW3 bascule (poussoir \u00e0 l\u2019envers)<\/p>\n<p class=\"western\">Attention\u00a0! Ce montage n\u2019est pas toujours appliqu\u00e9\u00a0! On a eu le cas o\u00f9 l\u2019inverseur est remplac\u00e9 par un contact \u00e0 ouverture (NC) qui est c\u00e2bl\u00e9 derri\u00e8re la demande de chauffe. Ils nous afallu un moment pour comprendre, le CC se faisant seulement quand on demandait la chauffe<\/p>\n<p><a href=\"https:\/\/www.repaircafesaint-egreve.fr\/?attachment_id=2372\" rel=\"attachment wp-att-2372\"><img loading=\"lazy\" decoding=\"async\" class=\"aligncenter wp-image-2372 size-large\" src=\"https:\/\/www.repaircafesaint-egreve.fr\/wp-content\/uploads\/2026\/04\/m5-1024x538.png\" alt=\"\" width=\"1024\" height=\"538\" srcset=\"https:\/\/www.repaircafesaint-egreve.fr\/wp-content\/uploads\/2026\/04\/m5-1024x538.png 1024w, https:\/\/www.repaircafesaint-egreve.fr\/wp-content\/uploads\/2026\/04\/m5-300x158.png 300w, https:\/\/www.repaircafesaint-egreve.fr\/wp-content\/uploads\/2026\/04\/m5-768x403.png 768w, https:\/\/www.repaircafesaint-egreve.fr\/wp-content\/uploads\/2026\/04\/m5.png 1217w\" sizes=\"auto, (max-width: 1024px) 100vw, 1024px\" \/><\/a><\/p>\n<p class=\"western\">Une premi\u00e8re chose est de v\u00e9rifier que le primaire du transfo est aliment\u00e9 en 230V lors de la demande de chauffe. Pour cela d\u00e9brancher les connections T1 ou T2 (L et N) et contr\u00f4ler la pr\u00e9sence de tension entre les fils alimentant T1 et T2 en faisant une demande de chauffe. Il n\u2019y aura pas production de haute tension et les mesures de protection \u00e0 prendre sont celles de la tension de 230V. Si absence, le probl\u00e8me est dans la commande et pas dans le circuit HT.<\/p>\n<p class=\"western\"><span style=\"font-size: x-large;\"><span style=\"text-decoration: underline;\"><b><img loading=\"lazy\" decoding=\"async\" class=\"aligncenter wp-image-932\" src=\"https:\/\/www.repaircafesaint-egreve.fr\/wp-content\/uploads\/2015\/03\/sch\u00e9maMV.png\" alt=\"sch\u00e9maMV\" width=\"600\" height=\"668\" srcset=\"https:\/\/www.repaircafesaint-egreve.fr\/wp-content\/uploads\/2015\/03\/sch\u00e9maMV.png 438w, https:\/\/www.repaircafesaint-egreve.fr\/wp-content\/uploads\/2015\/03\/sch\u00e9maMV-269x300.png 269w\" sizes=\"auto, (max-width: 600px) 100vw, 600px\" \/><\/b><\/span><\/span><a href=\"https:\/\/www.repaircafesaint-egreve.fr\/?attachment_id=2373\" rel=\"attachment wp-att-2373\"><img loading=\"lazy\" decoding=\"async\" class=\"aligncenter wp-image-2373 size-full\" src=\"https:\/\/www.repaircafesaint-egreve.fr\/wp-content\/uploads\/2026\/04\/m6.png\" alt=\"\" width=\"768\" height=\"326\" srcset=\"https:\/\/www.repaircafesaint-egreve.fr\/wp-content\/uploads\/2026\/04\/m6.png 768w, https:\/\/www.repaircafesaint-egreve.fr\/wp-content\/uploads\/2026\/04\/m6-300x127.png 300w\" sizes=\"auto, (max-width: 768px) 100vw, 768px\" \/><\/a><br \/>Si le fusible SH (FU) a fait fonction, il faut \u00e9videmment le remplacer. Sa fusion peut-\u00eatre due \u00e0 un couplage trop important (pr\u00e9sence de m\u00e9tal dans le four, mais pas que&#8230;). Mais on ne peut en pr\u00e9juger -sauf \u00e0 continuer les contr\u00f4les- et il se peut que le d\u00e9faut d\u00e9clencheur soit toujours pr\u00e9sent. Arrivez l\u00e0 vous pouvez donc jouer les statistiques et au prix du fusible \u00e0 3\u20ac , <span style=\"color: #ff0000;\">refermer <\/span>(sans assujettir avec moultes vis) mais au mieux quand m\u00eame avant de mettre sous tension. Apr\u00e8s avoir enlever le shunt \u00e0 la terre \u00e9videmment\u00a0! (<span style=\"color: #ff0000;\">Pas de pacemaker \u00e0 moins d&rsquo;un m\u00e8tre!!<\/span>)<\/p>\n<p><a href=\"https:\/\/www.repaircafesaint-egreve.fr\/wp-content\/uploads\/2015\/03\/MV1.jpg\"><img loading=\"lazy\" decoding=\"async\" class=\"aligncenter size-full wp-image-938\" src=\"https:\/\/www.repaircafesaint-egreve.fr\/wp-content\/uploads\/2015\/03\/MV1.jpg\" alt=\"MV1\" width=\"420\" height=\"315\" srcset=\"https:\/\/www.repaircafesaint-egreve.fr\/wp-content\/uploads\/2015\/03\/MV1.jpg 420w, https:\/\/www.repaircafesaint-egreve.fr\/wp-content\/uploads\/2015\/03\/MV1-300x225.jpg 300w\" sizes=\"auto, (max-width: 420px) 100vw, 420px\" \/><\/a>Gagn\u00e9 ou perdu?<br \/>Perdu : Soit le fusible est parti en fum\u00e9e, soit rien.<br \/>Rien : Hors tension, avec les m\u00eames pr\u00e9cautions qu&rsquo;au d\u00e9but, v\u00e9rifier la continuit\u00e9 de<\/p>\n<ul>\n<li>la s\u00e9curit\u00e9 thermique,<\/li>\n<li>\n<p class=\"western\">des enroulements primaires, chauffage (secondaire gros fil) et haute tension (tr\u00e8s fin),<\/p>\n<\/li>\n<li>\n<p class=\"western\">du filament du magn\u00e9tron, de la diode HMV .<\/p>\n<\/li>\n<\/ul>\n<p class=\"western\">Il faut d\u00e9brancher au moins un c\u00f4t\u00e9 pour \u00eatre certain de mesurer un composant<\/p>\n<p class=\"western\"><a href=\"https:\/\/www.repaircafesaint-egreve.fr\/wp-content\/uploads\/2015\/03\/MV2.png\"><img loading=\"lazy\" decoding=\"async\" class=\"aligncenter size-full wp-image-937\" src=\"https:\/\/www.repaircafesaint-egreve.fr\/wp-content\/uploads\/2015\/03\/MV2.png\" alt=\"MV2\" width=\"449\" height=\"324\" srcset=\"https:\/\/www.repaircafesaint-egreve.fr\/wp-content\/uploads\/2015\/03\/MV2.png 449w, https:\/\/www.repaircafesaint-egreve.fr\/wp-content\/uploads\/2015\/03\/MV2-300x216.png 300w\" sizes=\"auto, (max-width: 449px) 100vw, 449px\" \/><\/a><\/p>\n<ul>\n<li>\n<p class=\"western\">L\u2019isolement entre filament M1ou M2 et cathode (masse) du magn\u00e9tron doit \u00eatre infinie (sinon d\u00e9faut isolement du filament et le fusible thermique est de nouveau HS)). Visualiser le bon \u00e9tat des tores magn\u00e9tiques. Si le magn\u00e9tron est soup\u00e7onn\u00e9, il ne reste plus qu\u2019\u00e0 le tester au ban ( Affaire d\u2019expert)<\/p>\n<\/li>\n<li>\n<p class=\"western\">\u2026.ou de le remplacer. Il n\u2019y a pas tellement de diff\u00e9rence\u00a0: le nombre de tole de refoidissement nous renseigne sur la puissance (le transformateur ne va pas aimer si vous remplacez un magn\u00e9tron \u00e0 4 refreoidisseurs par un 6\u00a0: la demande de puissance \u00e9tant en gros 1,5 fois sup\u00e9rieur. Sinon il faut que le flux d\u2019air se fasse correctement , que le filament soit connectable et que les vis de fixation soit au bon endroit. Si un contact de temp\u00e9rature est mont\u00e9 sur l\u2019ancien il faut l\u2019installer sur le nouveau<\/p>\n<\/li>\n<\/ul>\n<p class=\"western\">T1-T2: Environ 2 ohms, sinon transformateur HS.<br \/>FU-C1: 0 ohms, sinon fusible HS.<br \/>C1-C2: Au capacim\u00e8tre, environ 1 \u00b5F (micro-farad, inscription de la valeur sur le condensateur). Panne tr\u00e8s rare.<br \/>C2-Ma\/Ma-C2: Infini, sinon diode HS<br \/>T3-T4: 0.2 ohms environ, sinon transformateur HS.<br \/>T5 &#8211; masse : 100&#8230;200 ohms<br \/>M1-M2: Proche de 0 ohms, sinon magn\u00e9tron HS. V\u00e9rifiez aussi M1 ou M2 vis \u00e0 vis de Ma : r\u00e9sistance infinie car il arrive que l\u2019isolant perde sa propri\u00e9t\u00e9. Voir dans la cavit\u00e9 l&rsquo;\u00e9tat de la t\u00eate du magn\u00e9tron. Voir les aimants torique du magn\u00e9tron : Cass\u00e9?<\/p>\n<p class=\"western\"><a href=\"https:\/\/www.repaircafesaint-egreve.fr\/wp-content\/uploads\/2015\/03\/MV3.jpg\"><img loading=\"lazy\" decoding=\"async\" class=\"aligncenter size-full wp-image-936\" src=\"https:\/\/www.repaircafesaint-egreve.fr\/wp-content\/uploads\/2015\/03\/MV3.jpg\" alt=\"MV3\" width=\"420\" height=\"315\" srcset=\"https:\/\/www.repaircafesaint-egreve.fr\/wp-content\/uploads\/2015\/03\/MV3.jpg 420w, https:\/\/www.repaircafesaint-egreve.fr\/wp-content\/uploads\/2015\/03\/MV3-300x225.jpg 300w\" sizes=\"auto, (max-width: 420px) 100vw, 420px\" \/><\/a>( avec l&rsquo;aimable autorisation de\u00a0 Tout-\u00e9lectro-m\u00e9nager.fr A visiter !!)<br \/>La diode ne peut \u00eatre test\u00e9e correctement \u00e0 l&rsquo;aide de l&rsquo;appareil de mesure car sa tension de seuil est de 9 volts.<br \/>Le plus simple est de la mettre en s\u00e9rie avec une lampe dans un montage sous 230V. Avec les pr\u00e9cautions d&rsquo;usage, lors de la mise sous tension la lampe doit s&rsquo;\u00e9clairer \u00e0 moiti\u00e9 (une alternance sur deux est bloqu\u00e9e). Si allumage normal, la diode est en court-circuit.<\/p>\n<p><a href=\"https:\/\/www.repaircafesaint-egreve.fr\/?attachment_id=1380\" rel=\"attachment wp-att-1380\"><img loading=\"lazy\" decoding=\"async\" class=\" wp-image-1380 alignleft\" src=\"https:\/\/www.repaircafesaint-egreve.fr\/wp-content\/uploads\/2018\/10\/controlediode-300x98.png\" alt=\"\" width=\"508\" height=\"166\" srcset=\"https:\/\/www.repaircafesaint-egreve.fr\/wp-content\/uploads\/2018\/10\/controlediode-300x98.png 300w, https:\/\/www.repaircafesaint-egreve.fr\/wp-content\/uploads\/2018\/10\/controlediode-768x252.png 768w, https:\/\/www.repaircafesaint-egreve.fr\/wp-content\/uploads\/2018\/10\/controlediode-1024x335.png 1024w, https:\/\/www.repaircafesaint-egreve.fr\/wp-content\/uploads\/2018\/10\/controlediode.png 1252w\" sizes=\"auto, (max-width: 508px) 100vw, 508px\" \/><\/a><\/p>\n<p class=\"western\"><span style=\"color: #ff0000;\">La mesure de tension de 4000V n&rsquo;est pas possible.<\/span> N&rsquo;essayez surtout pas un diviseur de tension car si la r\u00e9sistance de mesure claque (et montage erron\u00e9) , l&rsquo;appareil de mesure sera sous 4000V et n&rsquo;est pas isol\u00e9 pour cela.<\/p>\n<p>Etanch\u00e9it\u00e9 : Il semble bien qu&rsquo;il est faux d&rsquo;utiliser une t\u00e9l\u00e9phone portable enferm\u00e9 pour tester l&rsquo;\u00e9tanch\u00e9it\u00e9<\/p>\n<p class=\"western\"><u>Certaines marques de four ont d\u00e9velopp\u00e9s des fours qui ne comprennent plus un transfo HT mais un onduleur. L\u2019avantage est notamment le poids du four (ce qui permet de d\u00e9tecter ce type sans m\u00eame ouvrir). L\u2019inconv\u00e9nient est que les pannes se font essentiellement au niveau de l\u2019onduleur \u2026 aux d\u00e9sespoirs du b\u00e9n\u00e9voles qui ne saura pas d\u00e9panner.<\/u><\/p>\n<p class=\"western\">Je cite , \u00e0 toute fin utile, ce document r\u00e9v\u00e9l\u00e9s par Yves, RC pays voironnais:<\/p>\n<p class=\"western\"><a name=\"result_box\"><\/a> Source <span style=\"color: #0000ff;\"><u><a href=\"https:\/\/en.wikipedia.org\/wiki\/Cavity_magnetron\">https:\/\/en.wikipedia.org\/wiki\/Cavity_magnetron<\/a><\/u><\/span><br \/>&#8211; La toxicit\u00e9 des c\u00e9ramiques \u00e0 base d&rsquo;oxyde de B\u00e9ryllium &#8211;<br \/><span lang=\"en-US\">\u00ab\u00a0Certains magn\u00e9trons ont des isolants en c\u00e9ramique \u00e0 base d&rsquo;oxyde de b\u00e9ryllium (b\u00e9ryllium). &#8211;Ceux-ci sont de <\/span><span lang=\"en-US\">couleur rose<\/span><span lang=\"en-US\"> et sont visibles \u00e0 l\u2019\u00e9metteur &#8212; qui sont dangereux s&rsquo;ils sont broy\u00e9s et inhal\u00e9s, ou autrement ing\u00e9r\u00e9s. Une exposition unique ou chronique peut conduire \u00e0 la b\u00e9rylliose, une maladie pulmonaire incurable. En outre, la b\u00e9ryllia figure sur la liste des carcinog\u00e8nes humains confirm\u00e9s. Par cons\u00e9quent, les isolants en c\u00e9ramique bris\u00e9s ou les magn\u00e9trons ne doivent pas \u00eatre manipul\u00e9s directement. \u00ab\u00a0<\/span><\/p>\n<p class=\"western\"><span style=\"color: #ce181e;\"><span lang=\"en-US\">l\u2019ennui est que dans l\u2019article cit\u00e9 la couleur n\u2019est pas nomm\u00e9e et que danswikipedia, l\u2019oxyde est blanc ! <\/span><\/span><span lang=\"en-US\"><b>Beryllium oxide<\/b><\/span><span lang=\"en-US\"> (<\/span><span lang=\"en-US\"><b>BeO<\/b><\/span><span lang=\"en-US\">), also known as <\/span><span lang=\"en-US\"><b>beryllia<\/b><\/span><span lang=\"en-US\">, is an <\/span><span style=\"color: #0000ff;\"><u><a href=\"https:\/\/en.wikipedia.org\/wiki\/Inorganic_compound\"><span lang=\"en-US\">inorganic compound<\/span><\/a><\/u><\/span><span lang=\"en-US\"> with the <\/span><span style=\"color: #0000ff;\"><u><a href=\"https:\/\/en.wikipedia.org\/wiki\/Chemical_formula\"><span lang=\"en-US\">formula<\/span><\/a><\/u><\/span><span lang=\"en-US\"> BeO. <\/span><span lang=\"en-US\">This colourless<\/span><span lang=\"en-US\"> solid is a notable electrical insulator.<br \/>La commission CNESS (s\u00e9curit\u00e9 travail) \u00e9dite ce qyu suit (extrait)<br \/><\/span><\/p>\n<p class=\"western\" lang=\"en-US\"><a name=\"ctl00_ctl47_g_86570d38_a6f0_483e_923c_f5\"><\/a> <span style=\"color: #ce181e;\">Selon le traitement thermique lors de la pr\u00e9paration, l&rsquo;oxyde de b\u00e9ryllium est un solide en cristaux ou une fine poudre amorphe, blanc et inodore. <\/span><\/p>\n<p class=\"western\">L&rsquo;exposition \u00e0 l&rsquo;oxyde de b\u00e9ryllium en milieu de travail se fait sous forme de particules telles que\u00a0les poudres, poussi\u00e8res ou fum\u00e9es.<\/p>\n<p class=\"western\">La VEMP actuelle de 0,00015 mg\/m\u00b3 et le niveau d&rsquo;action de 0,0001mg\/m\u00b3\u00a0sont faibles et peuvent \u00eatre atteints facilement : \u2026\u2026&#8230; De telles \u00e9missions sont possibles, par exemple :<\/p>\n<ul>\n<li>\n<p class=\"western\">\u2026\u2026\u2026&#8230;<\/p>\n<\/li>\n<li>\n<p class=\"western\">lors du tri, de la manutention ou du recyclage de composantes \u00e9lectroniques destin\u00e9es \u00e0 la r\u00e9cup\u00e9ration.<\/p>\n<\/li>\n<\/ul>\n<p class=\"western\"><span style=\"color: #ce181e;\">Les particules d\u00e9pos\u00e9es sur les mains, les gants et les v\u00eatements peuvent \u00eatre transf\u00e9r\u00e9es \u00e0 la zone respiratoire lors des mouvements naturels de la main vers le visage.<\/span><\/p>\n<p class=\"western\">\u00a0<\/p>\n\n\n<p><\/p>\n","protected":false},"excerpt":{"rendered":"<p>R\u00e9serv\u00e9 aux connaisseurs Avant tout, sachez que l&rsquo;ouverture des capots de protection comportent des risques mortels: Pr\u00e9sence de Haute Tension (4000V) , pr\u00e9sence de condensateur de puissance, \u00e9mission d&rsquo;onde pr\u00e9sentant un risque imm\u00e9diat pour les personnes \u00e9quip\u00e9s de stimulateur. A ce niveau de tension, la conduction peut se faire sans contact (dans l&rsquo;air) c.\u00e0.d qu\u2019il [&hellip;]<\/p>\n","protected":false},"author":2,"featured_media":0,"parent":918,"menu_order":0,"comment_status":"closed","ping_status":"closed","template":"","meta":{"footnotes":""},"class_list":["post-927","page","type-page","status-publish","hentry"],"blocksy_meta":[],"_links":{"self":[{"href":"https:\/\/www.repaircafesaint-egreve.fr\/index.php?rest_route=\/wp\/v2\/pages\/927","targetHints":{"allow":["GET"]}}],"collection":[{"href":"https:\/\/www.repaircafesaint-egreve.fr\/index.php?rest_route=\/wp\/v2\/pages"}],"about":[{"href":"https:\/\/www.repaircafesaint-egreve.fr\/index.php?rest_route=\/wp\/v2\/types\/page"}],"author":[{"embeddable":true,"href":"https:\/\/www.repaircafesaint-egreve.fr\/index.php?rest_route=\/wp\/v2\/users\/2"}],"replies":[{"embeddable":true,"href":"https:\/\/www.repaircafesaint-egreve.fr\/index.php?rest_route=%2Fwp%2Fv2%2Fcomments&post=927"}],"version-history":[{"count":29,"href":"https:\/\/www.repaircafesaint-egreve.fr\/index.php?rest_route=\/wp\/v2\/pages\/927\/revisions"}],"predecessor-version":[{"id":2395,"href":"https:\/\/www.repaircafesaint-egreve.fr\/index.php?rest_route=\/wp\/v2\/pages\/927\/revisions\/2395"}],"up":[{"embeddable":true,"href":"https:\/\/www.repaircafesaint-egreve.fr\/index.php?rest_route=\/wp\/v2\/pages\/918"}],"wp:attachment":[{"href":"https:\/\/www.repaircafesaint-egreve.fr\/index.php?rest_route=%2Fwp%2Fv2%2Fmedia&parent=927"}],"curies":[{"name":"wp","href":"https:\/\/api.w.org\/{rel}","templated":true}]}}