{"id":918,"date":"2015-02-28T19:29:20","date_gmt":"2015-02-28T18:29:20","guid":{"rendered":"http:\/\/www.repaircafesaint-egreve.fr\/?page_id=918"},"modified":"2024-04-30T08:59:16","modified_gmt":"2024-04-30T07:59:16","slug":"tutoriel","status":"publish","type":"page","link":"https:\/\/www.repaircafesaint-egreve.fr\/?page_id=918","title":{"rendered":"Tutoriel"},"content":{"rendered":"<h3>le sous-menu vous permet d&rsquo;acc\u00e9der \u00e0 des documents issus de notre exp\u00e9rience. Ils ne sont pas opposables en cas de difficult\u00e9s. Ce sont justes des r\u00e9flexions sur le sujet.<\/h3>\n<p><a href=\"https:\/\/www.repaircafesaint-egreve.fr\/?attachment_id=2077\" rel=\"attachment wp-att-2077\"><img loading=\"lazy\" decoding=\"async\" class=\"aligncenter wp-image-2077 size-large\" src=\"https:\/\/www.repaircafesaint-egreve.fr\/wp-content\/uploads\/2024\/04\/DSCN4766-1024x768.jpg\" alt=\"\" width=\"1024\" height=\"768\" srcset=\"https:\/\/www.repaircafesaint-egreve.fr\/wp-content\/uploads\/2024\/04\/DSCN4766-1024x768.jpg 1024w, https:\/\/www.repaircafesaint-egreve.fr\/wp-content\/uploads\/2024\/04\/DSCN4766-300x225.jpg 300w, https:\/\/www.repaircafesaint-egreve.fr\/wp-content\/uploads\/2024\/04\/DSCN4766-768x576.jpg 768w, https:\/\/www.repaircafesaint-egreve.fr\/wp-content\/uploads\/2024\/04\/DSCN4766.jpg 1200w\" sizes=\"auto, (max-width: 1024px) 100vw, 1024px\" \/><\/a><\/p>\n<p>Nous organisons des \u00ab\u00a0formations\u00a0\u00bb<span style=\"text-decoration: underline;\"> pour les b\u00e9n\u00e9voles<\/span> vers le mois de novembre en g\u00e9n\u00e9ral : R\u00e9flexion sur le danger \u00e9lectrique, proposition d&rsquo;une d\u00e9marche d\u00e9pannage,\u00a0 Le micro-onde et les alimentations et les moteurs<\/p>\n<p><a href=\"https:\/\/www.repaircafesaint-egreve.fr\/?attachment_id=1516\" rel=\"attachment wp-att-1516\"><img loading=\"lazy\" decoding=\"async\" class=\"aligncenter wp-image-1516 size-large\" src=\"https:\/\/www.repaircafesaint-egreve.fr\/wp-content\/uploads\/2019\/11\/DSCN3025-1024x768.jpg\" alt=\"\" width=\"1024\" height=\"768\" srcset=\"https:\/\/www.repaircafesaint-egreve.fr\/wp-content\/uploads\/2019\/11\/DSCN3025-1024x768.jpg 1024w, https:\/\/www.repaircafesaint-egreve.fr\/wp-content\/uploads\/2019\/11\/DSCN3025-300x225.jpg 300w, https:\/\/www.repaircafesaint-egreve.fr\/wp-content\/uploads\/2019\/11\/DSCN3025-768x576.jpg 768w, https:\/\/www.repaircafesaint-egreve.fr\/wp-content\/uploads\/2019\/11\/DSCN3025.jpg 1600w\" sizes=\"auto, (max-width: 1024px) 100vw, 1024px\" \/><\/a><\/p>\n<p>Renseignez-vous<\/p>\n","protected":false},"excerpt":{"rendered":"<p>le sous-menu vous permet d&rsquo;acc\u00e9der \u00e0 des documents issus de notre exp\u00e9rience. Ils ne sont pas opposables en cas de difficult\u00e9s. Ce sont justes des r\u00e9flexions sur le sujet. Nous organisons des \u00ab\u00a0formations\u00a0\u00bb pour les b\u00e9n\u00e9voles vers le mois de novembre en g\u00e9n\u00e9ral : R\u00e9flexion sur le danger \u00e9lectrique, proposition d&rsquo;une d\u00e9marche d\u00e9pannage,\u00a0 Le micro-onde [&hellip;]<\/p>\n","protected":false},"author":2,"featured_media":0,"parent":13,"menu_order":0,"comment_status":"closed","ping_status":"closed","template":"","meta":{"footnotes":""},"class_list":["post-918","page","type-page","status-publish","hentry"],"blocksy_meta":[],"_links":{"self":[{"href":"https:\/\/www.repaircafesaint-egreve.fr\/index.php?rest_route=\/wp\/v2\/pages\/918","targetHints":{"allow":["GET"]}}],"collection":[{"href":"https:\/\/www.repaircafesaint-egreve.fr\/index.php?rest_route=\/wp\/v2\/pages"}],"about":[{"href":"https:\/\/www.repaircafesaint-egreve.fr\/index.php?rest_route=\/wp\/v2\/types\/page"}],"author":[{"embeddable":true,"href":"https:\/\/www.repaircafesaint-egreve.fr\/index.php?rest_route=\/wp\/v2\/users\/2"}],"replies":[{"embeddable":true,"href":"https:\/\/www.repaircafesaint-egreve.fr\/index.php?rest_route=%2Fwp%2Fv2%2Fcomments&post=918"}],"version-history":[{"count":9,"href":"https:\/\/www.repaircafesaint-egreve.fr\/index.php?rest_route=\/wp\/v2\/pages\/918\/revisions"}],"predecessor-version":[{"id":2101,"href":"https:\/\/www.repaircafesaint-egreve.fr\/index.php?rest_route=\/wp\/v2\/pages\/918\/revisions\/2101"}],"up":[{"embeddable":true,"href":"https:\/\/www.repaircafesaint-egreve.fr\/index.php?rest_route=\/wp\/v2\/pages\/13"}],"wp:attachment":[{"href":"https:\/\/www.repaircafesaint-egreve.fr\/index.php?rest_route=%2Fwp%2Fv2%2Fmedia&parent=918"}],"curies":[{"name":"wp","href":"https:\/\/api.w.org\/{rel}","templated":true}]}}