{"id":429,"date":"2013-10-12T16:12:22","date_gmt":"2013-10-12T14:12:22","guid":{"rendered":"http:\/\/repaircafesaintegreve.unblog.fr\/?page_id=429"},"modified":"2024-12-14T09:43:22","modified_gmt":"2024-12-14T08:43:22","slug":"contact","status":"publish","type":"page","link":"https:\/\/www.repaircafesaint-egreve.fr\/?page_id=429","title":{"rendered":"Contact"},"content":{"rendered":"<p><span style=\"font-size: medium; color: #000080;\">Formulaire de contact supprim\u00e9 . Trop de spam<br \/>\n<\/span><\/p>\n<p><span style=\"font-size: medium; color: #3366ff;\"><span style=\"color: #000080;\">Utilisez l&rsquo;adresse suivante : <a href=\"mailto:contact@repaircafesaint-egreve.fr\" target=\"_blank\" rel=\"noopener noreferrer\">contact@repaircafesaint-<wbr \/>egreve.fr<\/a> <\/span> <\/span><\/p>\n<p>T\u00e9l\u00e9phone 07 81 71 44 94 (r\u00e9pondeur hors permanence)<\/p>\n<p><span style=\"font-size: medium; color: #ff6600;\">Ou mieux : passez nous voir <strong>tous les vendredis de 14h \u00e0 18h<\/strong><\/span><\/p>\n","protected":false},"excerpt":{"rendered":"<p>Formulaire de contact supprim\u00e9 . Trop de spam Utilisez l&rsquo;adresse suivante : contact@repaircafesaint-egreve.fr T\u00e9l\u00e9phone 07 81 71 44 94 (r\u00e9pondeur hors permanence) Ou mieux : passez nous voir tous les vendredis de 14h \u00e0 18h<\/p>\n","protected":false},"author":2,"featured_media":0,"parent":0,"menu_order":0,"comment_status":"closed","ping_status":"closed","template":"","meta":{"footnotes":""},"class_list":["post-429","page","type-page","status-publish","hentry"],"blocksy_meta":[],"_links":{"self":[{"href":"https:\/\/www.repaircafesaint-egreve.fr\/index.php?rest_route=\/wp\/v2\/pages\/429","targetHints":{"allow":["GET"]}}],"collection":[{"href":"https:\/\/www.repaircafesaint-egreve.fr\/index.php?rest_route=\/wp\/v2\/pages"}],"about":[{"href":"https:\/\/www.repaircafesaint-egreve.fr\/index.php?rest_route=\/wp\/v2\/types\/page"}],"author":[{"embeddable":true,"href":"https:\/\/www.repaircafesaint-egreve.fr\/index.php?rest_route=\/wp\/v2\/users\/2"}],"replies":[{"embeddable":true,"href":"https:\/\/www.repaircafesaint-egreve.fr\/index.php?rest_route=%2Fwp%2Fv2%2Fcomments&post=429"}],"version-history":[{"count":9,"href":"https:\/\/www.repaircafesaint-egreve.fr\/index.php?rest_route=\/wp\/v2\/pages\/429\/revisions"}],"predecessor-version":[{"id":2295,"href":"https:\/\/www.repaircafesaint-egreve.fr\/index.php?rest_route=\/wp\/v2\/pages\/429\/revisions\/2295"}],"wp:attachment":[{"href":"https:\/\/www.repaircafesaint-egreve.fr\/index.php?rest_route=%2Fwp%2Fv2%2Fmedia&parent=429"}],"curies":[{"name":"wp","href":"https:\/\/api.w.org\/{rel}","templated":true}]}}