{"id":351,"date":"2013-10-10T09:36:03","date_gmt":"2013-10-10T07:36:03","guid":{"rendered":"http:\/\/repaircafesaintegreve.unblog.fr\/?page_id=351"},"modified":"2025-02-24T08:15:56","modified_gmt":"2025-02-24T07:15:56","slug":"quels-objets","status":"publish","type":"page","link":"https:\/\/www.repaircafesaint-egreve.fr\/?page_id=351","title":{"rendered":"Quels objets?"},"content":{"rendered":"\n<figure class=\"wp-block-image size-full\"><a href=\"https:\/\/www.repaircafesaint-egreve.fr\/wp-content\/uploads\/2024\/04\/vues-1.png\"><img loading=\"lazy\" decoding=\"async\" width=\"800\" height=\"600\" src=\"https:\/\/www.repaircafesaint-egreve.fr\/wp-content\/uploads\/2024\/04\/vues-1.png\" alt=\"\" class=\"wp-image-2086\" srcset=\"https:\/\/www.repaircafesaint-egreve.fr\/wp-content\/uploads\/2024\/04\/vues-1.png 800w, https:\/\/www.repaircafesaint-egreve.fr\/wp-content\/uploads\/2024\/04\/vues-1-300x225.png 300w, https:\/\/www.repaircafesaint-egreve.fr\/wp-content\/uploads\/2024\/04\/vues-1-768x576.png 768w\" sizes=\"auto, (max-width: 800px) 100vw, 800px\" \/><\/a><\/figure>\n\n\n<hr \/>\n<p style=\"text-align: left;\"><span style=\"font-size: medium; color: #000080;\"><span style=\"font-family: times new roman, times, serif; font-size: 28px;\">Liste non exhaustive des objets possibles,<strong><br \/><\/strong>dans la <span style=\"color: #333399;\">mesure<\/span> de nos possibilit\u00e9s <\/span>:<br \/><\/span><\/p>\n<p style=\"text-align: left;\"><span style=\"font-size: medium; color: #000080;\">&#8211; Audio-vid\u00e9o<\/span><\/p>\n<p style=\"text-align: left;\"><span style=\"font-size: medium; color: #000080;\">&#8211; <span style=\"text-decoration: underline;\">Petit<\/span> \u00e9lectro-m\u00e9nager (grille-pain, cafeti\u00e8re, mixer, aspirateur&#8230;).<\/span><\/p>\n<p style=\"text-align: left;\"><span style=\"font-size: medium; color: #000080;\">&#8211; <span style=\"color: #ff0000;\"><strong>Pas de cuisini\u00e8re, de r\u00e9frig\u00e9rateur, de machine \u00e0 laver, lave-vaisselle ou s\u00e8che-linge<\/strong><\/span><br \/><\/span><\/p>\n<p style=\"text-align: left;\"><span style=\"font-size: medium; color: #000080;\">&#8211; Petit outillage \u00e9lectrique (perceuse, ponceuse&#8230;)<\/span><\/p>\n<p style=\"text-align: left;\"><strong><span style=\"font-size: medium; color: #000080;\"><span style=\"color: #ff0000;\">&#8211; Pour les t\u00e9l\u00e9viseurs, surtout s&rsquo;ils sont plus grand que 110cm, appelez en d\u00e9but de permanence avant de venir.\u00a0<\/span> <\/span><\/strong><\/p>\n<p style=\"text-align: left;\"><span style=\"font-size: medium; color: #000080;\">&#8211;<\/span><span style=\"color: #333399;\"> Informatique <\/span><span style=\"font-size: medium; color: #000080;\">(PC, imprimante, disque dur&#8230;)<\/span><\/p>\n<p style=\"text-align: left;\"><span style=\"font-size: medium; color: #000080;\">&#8211; Petite intervention sur v\u00e9lo :\u00a0 l&rsquo;association \u00ab\u00a0St\u00e9 v\u00e9lo solidaire\u00a0\u00bb sise 2 rue Planfay est plus\u00a0 comp\u00e9tente pour ces interventions C&rsquo;est jeudi de 17h30 \u00e0 19h.<br \/><\/span><\/p>\n<p style=\"text-align: left;\"><span style=\"font-size: medium; color: #000080;\">&#8211; Mat\u00e9riel <span style=\"text-decoration: underline;\"><span style=\"text-decoration: underline;\">\u00e9lectrique<\/span><\/span> de jardinage (tondeuse, d\u00e9broussailleuse, cisaille&#8230;)<\/span><\/p>\n<p style=\"text-align: left;\"><span style=\"font-size: medium; color: #000080;\">&#8211; Mobilier<\/span><\/p>\n<p><span style=\"font-size: medium; color: #000080;\">&#8211; Jouets<\/span><\/p>\n<p><span style=\"font-size: medium; color: #ff6600;\"><strong>Sous condition climatique (intervention devant se faire en ext\u00e9rieur) : <\/strong>tout mat\u00e9riel \u00e0 moteur thermique (essence&#8230;).<\/span><\/p>\n<p><span style=\"font-size: medium; color: #ff6600;\"><strong>Pensez \u00e0 emporter les c\u00e2bles de liaison, l&rsquo;alimentation et les accessoires permettant de faire un essai !<\/strong><\/span><\/p>\n<h3><span style=\"font-family: times new roman, times, serif; color: #0000ff;\"><strong>Objets \u00e9conomiquement irr\u00e9parables.<br \/><\/strong><strong>Cela sous-entend qu&rsquo;un professionnel <br \/>ne peut r\u00e9parer pour un co\u00fbt raisonnable<\/strong><\/span><\/h3>","protected":false},"excerpt":{"rendered":"<p>Liste non exhaustive des objets possibles,dans la mesure de nos possibilit\u00e9s : &#8211; Audio-vid\u00e9o &#8211; Petit \u00e9lectro-m\u00e9nager (grille-pain, cafeti\u00e8re, mixer, aspirateur&#8230;). &#8211; Pas de cuisini\u00e8re, de r\u00e9frig\u00e9rateur, de machine \u00e0 laver, lave-vaisselle ou s\u00e8che-linge &#8211; Petit outillage \u00e9lectrique (perceuse, ponceuse&#8230;) &#8211; Pour les t\u00e9l\u00e9viseurs, surtout s&rsquo;ils sont plus grand que 110cm, appelez en d\u00e9but de [&hellip;]<\/p>\n","protected":false},"author":2,"featured_media":1992,"parent":0,"menu_order":0,"comment_status":"closed","ping_status":"closed","template":"","meta":{"footnotes":""},"class_list":["post-351","page","type-page","status-publish","has-post-thumbnail","hentry"],"blocksy_meta":[],"_links":{"self":[{"href":"https:\/\/www.repaircafesaint-egreve.fr\/index.php?rest_route=\/wp\/v2\/pages\/351","targetHints":{"allow":["GET"]}}],"collection":[{"href":"https:\/\/www.repaircafesaint-egreve.fr\/index.php?rest_route=\/wp\/v2\/pages"}],"about":[{"href":"https:\/\/www.repaircafesaint-egreve.fr\/index.php?rest_route=\/wp\/v2\/types\/page"}],"author":[{"embeddable":true,"href":"https:\/\/www.repaircafesaint-egreve.fr\/index.php?rest_route=\/wp\/v2\/users\/2"}],"replies":[{"embeddable":true,"href":"https:\/\/www.repaircafesaint-egreve.fr\/index.php?rest_route=%2Fwp%2Fv2%2Fcomments&post=351"}],"version-history":[{"count":19,"href":"https:\/\/www.repaircafesaint-egreve.fr\/index.php?rest_route=\/wp\/v2\/pages\/351\/revisions"}],"predecessor-version":[{"id":2289,"href":"https:\/\/www.repaircafesaint-egreve.fr\/index.php?rest_route=\/wp\/v2\/pages\/351\/revisions\/2289"}],"wp:featuredmedia":[{"embeddable":true,"href":"https:\/\/www.repaircafesaint-egreve.fr\/index.php?rest_route=\/"}],"wp:attachment":[{"href":"https:\/\/www.repaircafesaint-egreve.fr\/index.php?rest_route=%2Fwp%2Fv2%2Fmedia&parent=351"}],"curies":[{"name":"wp","href":"https:\/\/api.w.org\/{rel}","templated":true}]}}