{"id":332,"date":"2013-10-10T09:31:47","date_gmt":"2013-10-10T07:31:47","guid":{"rendered":"http:\/\/repaircafesaintegreve.unblog.fr\/?page_id=332"},"modified":"2024-04-18T16:34:01","modified_gmt":"2024-04-18T15:34:01","slug":"comment-venir","status":"publish","type":"page","link":"https:\/\/www.repaircafesaint-egreve.fr\/?page_id=332","title":{"rendered":"Comment venir?"},"content":{"rendered":"<address><strong><span style=\"color: #000080;\"><span style=\"font-family: DejaVu Sans, sans-serif;\"><span style=\"font-size: large;\">Adresse :<img loading=\"lazy\" decoding=\"async\" class=\"alignright wp-image-2082 size-full\" src=\"https:\/\/www.repaircafesaint-egreve.fr\/wp-content\/uploads\/2024\/04\/MSF_2.png\" alt=\"\" width=\"507\" height=\"380\" srcset=\"https:\/\/www.repaircafesaint-egreve.fr\/wp-content\/uploads\/2024\/04\/MSF_2.png 507w, https:\/\/www.repaircafesaint-egreve.fr\/wp-content\/uploads\/2024\/04\/MSF_2-300x225.png 300w\" sizes=\"auto, (max-width: 507px) 100vw, 507px\" \/><\/span><\/span><\/span><\/strong><\/address>\n<address><span style=\"color: #ff6600;\"><span style=\"font-family: DejaVu Sans, sans-serif;\"><span style=\"font-size: large;\">Maison des Solidarit\u00e9s et des Familles<\/span><\/span><\/span><\/address>\n<address><span style=\"font-family: DejaVu Sans, sans-serif;\"><span style=\"font-size: large;\"><span style=\"color: #ff6600;\">Salle Pistache<\/span><br \/>\n<span style=\"color: #ff6600;\">38, Rue de la Gare<\/span><br \/>\n<span style=\"color: #ff6600;\">38120 Saint-Egr\u00e8ve<\/span><\/span><\/span><\/address>\n<address>\u00a0<\/address>\n<address><strong><span style=\"color: #000080;\"><span style=\"font-family: DejaVu Sans, sans-serif;\"><span style=\"font-size: large;\">Avec la Tag :<\/span><\/span><\/span><\/strong><\/address>\n<address><span style=\"color: #ff6600;\"><span style=\"font-family: DejaVu Sans, sans-serif;\"><span style=\"font-size: large;\">&#8211; Tram E &#8211; arr\u00eat La Pin\u00e9a<\/span><\/span><\/span><\/address>\n<address><span style=\"color: #ff6600;\"><span style=\"font-family: DejaVu Sans, sans-serif;\"><span style=\"font-size: large;\">&#8211; Lignes 22 &#8211; arr\u00eat Saint-Egr\u00e8ve Gare<\/span><\/span><\/span><\/address>\n<address><strong><span style=\"color: #000080;\"><span style=\"font-family: DejaVu Sans, sans-serif;\"><span style=\"font-size: large;\">En train :<\/span><\/span><\/span><\/strong><\/address>\n<address>\u00a0\u00a0 <span style=\"font-family: DejaVu Sans, sans-serif;\"><span style=\"font-size: large;\"><span style=\"color: #ff6600;\">arr\u00eat Gare de Saint-Egr\u00e8ve<\/span><\/span><\/span><\/address>\n<address><strong><span style=\"color: #000080;\"><span style=\"font-family: DejaVu Sans, sans-serif;\"><span style=\"font-size: large;\">Carte :<\/span><\/span><\/span><\/strong><span style=\"color: #000080;\"><span style=\"font-size: small;\"><br \/>\n<\/span><\/span><span style=\"color: #000080;\"><span style=\"font-family: DejaVu Sans, sans-serif;\"><span style=\"font-size: medium;\">cliquez sur la carte pour l&rsquo;agrandir<\/span><\/span><\/span><\/address>\n<address><img loading=\"lazy\" decoding=\"async\" class=\"alignnone wp-image-2163 size-full\" src=\"https:\/\/www.repaircafesaint-egreve.fr\/wp-content\/uploads\/2024\/04\/Capture2.png\" alt=\"\" width=\"662\" height=\"417\" srcset=\"https:\/\/www.repaircafesaint-egreve.fr\/wp-content\/uploads\/2024\/04\/Capture2.png 662w, https:\/\/www.repaircafesaint-egreve.fr\/wp-content\/uploads\/2024\/04\/Capture2-300x189.png 300w\" sizes=\"auto, (max-width: 662px) 100vw, 662px\" \/><\/address>\n","protected":false},"excerpt":{"rendered":"<p>Adresse : Maison des Solidarit\u00e9s et des Familles Salle Pistache 38, Rue de la Gare 38120 Saint-Egr\u00e8ve \u00a0 Avec la Tag : &#8211; Tram E &#8211; arr\u00eat La Pin\u00e9a &#8211; Lignes 22 &#8211; arr\u00eat Saint-Egr\u00e8ve Gare En train : \u00a0\u00a0 arr\u00eat Gare de Saint-Egr\u00e8ve Carte : cliquez sur la carte pour l&rsquo;agrandir<\/p>\n","protected":false},"author":2,"featured_media":0,"parent":0,"menu_order":0,"comment_status":"closed","ping_status":"closed","template":"","meta":{"footnotes":""},"class_list":["post-332","page","type-page","status-publish","hentry"],"blocksy_meta":[],"_links":{"self":[{"href":"https:\/\/www.repaircafesaint-egreve.fr\/index.php?rest_route=\/wp\/v2\/pages\/332","targetHints":{"allow":["GET"]}}],"collection":[{"href":"https:\/\/www.repaircafesaint-egreve.fr\/index.php?rest_route=\/wp\/v2\/pages"}],"about":[{"href":"https:\/\/www.repaircafesaint-egreve.fr\/index.php?rest_route=\/wp\/v2\/types\/page"}],"author":[{"embeddable":true,"href":"https:\/\/www.repaircafesaint-egreve.fr\/index.php?rest_route=\/wp\/v2\/users\/2"}],"replies":[{"embeddable":true,"href":"https:\/\/www.repaircafesaint-egreve.fr\/index.php?rest_route=%2Fwp%2Fv2%2Fcomments&post=332"}],"version-history":[{"count":11,"href":"https:\/\/www.repaircafesaint-egreve.fr\/index.php?rest_route=\/wp\/v2\/pages\/332\/revisions"}],"predecessor-version":[{"id":2164,"href":"https:\/\/www.repaircafesaint-egreve.fr\/index.php?rest_route=\/wp\/v2\/pages\/332\/revisions\/2164"}],"wp:attachment":[{"href":"https:\/\/www.repaircafesaint-egreve.fr\/index.php?rest_route=%2Fwp%2Fv2%2Fmedia&parent=332"}],"curies":[{"name":"wp","href":"https:\/\/api.w.org\/{rel}","templated":true}]}}