{"id":1840,"date":"2013-07-26T12:13:18","date_gmt":"2013-07-26T10:13:18","guid":{"rendered":"http:\/\/repaircafesaintegreve.unblog.fr\/?page_id=250"},"modified":"2026-03-29T07:06:57","modified_gmt":"2026-03-29T06:06:57","slug":"pages-daccueil-2","status":"publish","type":"page","link":"https:\/\/www.repaircafesaint-egreve.fr\/?page_id=1840","title":{"rendered":"Bienvenue"},"content":{"rendered":"\n<h3 class=\"wp-block-heading\">Mise \u00e0 jour du 26 mars: 8  mai  <\/h3>\n\n\n\n<p class=\"has-medium-font-size\"><span style=\"font-size: medium; color: #000080;\"><\/span><span style=\"font-size: medium; color: #000080;\"><\/span><\/p>\n\n\n\n<h2 class=\"wp-block-heading\"><mark style=\"background-color:rgba(0, 0, 0, 0)\" class=\"has-inline-color has-palette-color-1-color\"><em>Un \u00e9cran qui ne s\u2019allume plus ? Un grille-pain bloqu\u00e9 ? Une machine \u00e0 caf\u00e9 capricieuse ?<br><\/em>Venez au Repair Caf\u00e9 ! Des r\u00e9parateurs b\u00e9n\u00e9voles vous apprendront ou vous aideront \u00e0 r\u00e9parer vos appareils, dans la mesure o\u00f9 ceux-ci sont \u201c\u00e9conomiquement irr\u00e9parables\u201d.<br>31 janvier, t\u00e9l\u00e9viseur (voir Quels Objets)<br>Dans une ambiance conviviale, vous pourrez venir avec vos petits appareils en panne ou vos objets cass\u00e9s et vous repartirez avec, r\u00e9par\u00e9s ou non.<br>Nous sollicitons un don de 5\u20ac en cas de r\u00e9ussite.<br><em>En fonction de l\u2019affluence, une limite d\u2019un objet par personne pourra \u00eatre fix\u00e9e.<br>Le temps d\u2019attente pouvant \u00eatre variable, n\u2019h\u00e9sitez pas \u00e0 prendre un li<\/em><\/mark><em><mark style=\"background-color:rgba(0, 0, 0, 0)\" class=\"has-inline-color has-palette-color-1-color\">vre<\/mark><\/em><\/h2>\n\n\n\n<div class=\"wp-block-media-text is-stacked-on-mobile\" style=\"grid-template-columns:85% auto\"><figure class=\"wp-block-media-text__media\"><img loading=\"lazy\" decoding=\"async\" width=\"1024\" height=\"288\" src=\"https:\/\/www.repaircafesaint-egreve.fr\/wp-content\/uploads\/2024\/04\/outil-1-1024x288.png\" alt=\"\" class=\"wp-image-2085 size-full\" srcset=\"https:\/\/www.repaircafesaint-egreve.fr\/wp-content\/uploads\/2024\/04\/outil-1-1024x288.png 1024w, https:\/\/www.repaircafesaint-egreve.fr\/wp-content\/uploads\/2024\/04\/outil-1-300x84.png 300w, https:\/\/www.repaircafesaint-egreve.fr\/wp-content\/uploads\/2024\/04\/outil-1-768x216.png 768w, https:\/\/www.repaircafesaint-egreve.fr\/wp-content\/uploads\/2024\/04\/outil-1.png 1228w\" sizes=\"auto, (max-width: 1024px) 100vw, 1024px\" \/><\/figure><div class=\"wp-block-media-text__content\">\n<p><\/p>\n<\/div><\/div>\n","protected":false},"excerpt":{"rendered":"<p>Mise \u00e0 jour du 26 mars: 8 mai Un \u00e9cran qui ne s\u2019allume plus ? Un grille-pain bloqu\u00e9 ? Une machine \u00e0 caf\u00e9 capricieuse ?Venez au Repair Caf\u00e9 ! Des r\u00e9parateurs b\u00e9n\u00e9voles vous apprendront ou vous aideront \u00e0 r\u00e9parer vos appareils, dans la mesure o\u00f9 ceux-ci sont \u201c\u00e9conomiquement irr\u00e9parables\u201d.31 janvier, t\u00e9l\u00e9viseur (voir Quels Objets)Dans une [&hellip;]<\/p>\n","protected":false},"author":2,"featured_media":2002,"parent":13,"menu_order":1,"comment_status":"closed","ping_status":"closed","template":"","meta":{"footnotes":""},"class_list":["post-1840","page","type-page","status-publish","has-post-thumbnail","hentry"],"blocksy_meta":{"content_style_source":"custom","page_structure_type":"default","styles_descriptor":{"styles":{"desktop":"[data-prefix=\"single_page\"] [class*=\"ct-container\"] > article[class*=\"post\"] {--has-boxed:var(--false);--has-wide:var(--true);}","tablet":"","mobile":""},"google_fonts":[],"version":6}},"_links":{"self":[{"href":"https:\/\/www.repaircafesaint-egreve.fr\/index.php?rest_route=\/wp\/v2\/pages\/1840","targetHints":{"allow":["GET"]}}],"collection":[{"href":"https:\/\/www.repaircafesaint-egreve.fr\/index.php?rest_route=\/wp\/v2\/pages"}],"about":[{"href":"https:\/\/www.repaircafesaint-egreve.fr\/index.php?rest_route=\/wp\/v2\/types\/page"}],"author":[{"embeddable":true,"href":"https:\/\/www.repaircafesaint-egreve.fr\/index.php?rest_route=\/wp\/v2\/users\/2"}],"replies":[{"embeddable":true,"href":"https:\/\/www.repaircafesaint-egreve.fr\/index.php?rest_route=%2Fwp%2Fv2%2Fcomments&post=1840"}],"version-history":[{"count":35,"href":"https:\/\/www.repaircafesaint-egreve.fr\/index.php?rest_route=\/wp\/v2\/pages\/1840\/revisions"}],"predecessor-version":[{"id":2359,"href":"https:\/\/www.repaircafesaint-egreve.fr\/index.php?rest_route=\/wp\/v2\/pages\/1840\/revisions\/2359"}],"up":[{"embeddable":true,"href":"https:\/\/www.repaircafesaint-egreve.fr\/index.php?rest_route=\/wp\/v2\/pages\/13"}],"wp:featuredmedia":[{"embeddable":true,"href":"https:\/\/www.repaircafesaint-egreve.fr\/index.php?rest_route=\/"}],"wp:attachment":[{"href":"https:\/\/www.repaircafesaint-egreve.fr\/index.php?rest_route=%2Fwp%2Fv2%2Fmedia&parent=1840"}],"curies":[{"name":"wp","href":"https:\/\/api.w.org\/{rel}","templated":true}]}}