{"id":1763,"date":"2023-09-02T08:05:37","date_gmt":"2023-09-02T07:05:37","guid":{"rendered":"https:\/\/www.repaircafesaint-egreve.fr\/?page_id=1763"},"modified":"2023-09-02T08:08:16","modified_gmt":"2023-09-02T07:08:16","slug":"velos-electriques-diagnostic","status":"publish","type":"page","link":"https:\/\/www.repaircafesaint-egreve.fr\/?page_id=1763","title":{"rendered":"V\u00e9los \u00e9lectriques diagnostic"},"content":{"rendered":"\n<p>Le comportement de conduite est d\u00e9termin\u00e9 par un capteur de rotation ou un capteur de puissance de p\u00e9dalage, en fonction du mod\u00e8le. Le fonctionnement du syst\u00e8me avec capteur de rotation est tr\u00e8s simple. D\u00e8s que vous p\u00e9dalez (vers l\u2019avant), le capteur envoie un signal au moteur. Vous le ressentez imm\u00e9diatement au niveau de l\u2019assistance qui est fournie. Peu importe la force de p\u00e9dalage, l&rsquo;assistance fonctionne en continu. Le capteur de rotation procure : 1. une grande fiabilit\u00e9 (du fait de sa simplicit\u00e9) ; 2. une assistance ad\u00e9quate dans les situations o\u00f9 l&rsquo;on p\u00e9dale mais o\u00f9 l&rsquo;on exerce peu de force sur les p\u00e9dales ; 3. Plus de s\u00e9curit\u00e9. Le capteur de rotation d\u00e9tecte si l&rsquo;on p\u00e9dale vers l&rsquo;avant ou vers l&rsquo;arri\u00e8re. De ce fait, si l&rsquo;on cesse de p\u00e9daler ou si l&rsquo;on p\u00e9dale en arri\u00e8re, l&rsquo;assistance est aussit\u00f4t d\u00e9sactiv\u00e9e de mani\u00e8re s\u00fbre et fiable. Dans le cas du capteur de puissance, c\u2019est la force que vous exercez sur les p\u00e9dales qui d\u00e9termine le degr\u00e9 d\u2019assistance fournie par le moteur. En fait, vous roulez comme sur un v\u00e9lo classique, mais avec un peu d\u2019aide ! En mesurant la force de p\u00e9dalage, le capteur de puissance vous procure une sensation de conduite tr\u00e8s naturelle. Par cons\u00e9quent, la technologie \u00e0 double capteur (DST ou Dual Sensor Technology) combine parfaitement les avantages des deux types de capteurs, ce qui rend le syst\u00e8me \u00e9lectronique extr\u00eamement s\u00fbr et fiable, garantissant une conduite naturelle et agr\u00e9able.<\/p>\n\n\n\n<p>Les v\u00e9los \u00e9lectrique sont \u00e9quip\u00e9s d\u2019un moteur Brushless cad sans balais dont le fonctionnement est control\u00e9s par l\u2019\u00e9lectronique.<\/p>\n\n\n\n<figure class=\"wp-block-image size-full\"><a href=\"https:\/\/www.repaircafesaint-egreve.fr\/wp-content\/uploads\/2023\/09\/brushless.jpg\"><img loading=\"lazy\" decoding=\"async\" width=\"702\" height=\"476\" src=\"https:\/\/www.repaircafesaint-egreve.fr\/wp-content\/uploads\/2023\/09\/brushless.jpg\" alt=\"\" class=\"wp-image-1764\" srcset=\"https:\/\/www.repaircafesaint-egreve.fr\/wp-content\/uploads\/2023\/09\/brushless.jpg 702w, https:\/\/www.repaircafesaint-egreve.fr\/wp-content\/uploads\/2023\/09\/brushless-300x203.jpg 300w\" sizes=\"auto, (max-width: 702px) 100vw, 702px\" \/><\/a><figcaption class=\"wp-element-caption\">Source&nbsp;: Par Klema\u00f1 \u2014 Travail personnel, CC BY-SA 3.0, https:\/\/commons.wikimedia.org\/w\/index.php?curid=9575839 (image un peu compact\u00e9e)<\/figcaption><\/figure>\n\n\n\n<p>Ces moteurs sont robustes et rarement cause de panne. Toute la diff\u00e9rence entre bas et haut de gamme est dans les capteurs&nbsp;:<\/p>\n\n\n\n<ul class=\"wp-block-list\">\n<li>Capteur de vitesse<\/li>\n\n\n\n<li>Capteur de couple<\/li>\n\n\n\n<li>Capteur de cadence<\/li>\n<\/ul>\n\n\n\n<p>Seuls les moteurs haut de gamme sont \u00e9quip\u00e9s de ces capteurs, et d\u2019un logiciel permettant d\u2019avoir une assistance efficiente et discr\u00e8te. Les moteurs \u00e9quipant les v\u00e9los d\u2019entr\u00e9e de gamme se contentent pour la plupart d\u2019avoir une d\u00e9tection du p\u00e9dalage, qui vient ensuite sommairement actionner le moteur pour faire avancer le v\u00e9lo, rythm\u00e9 par un fonctionnement binaire <em>\u00ab&nbsp;Marche \u2013 Arr\u00eat&nbsp;\u00bb<\/em><\/p>\n\n\n\n<p><\/p>\n\n\n\n<p><em>Des v\u00e9los \u00e9lectriques sont \u00e9quip\u00e9s de moteurs de moyeu et l\u2019un des probl\u00e8mes les plus courants est le <\/em><strong>bruit du moteur de moyeu<\/strong><em>. Il s\u2019agit d\u2019un probl\u00e8me qui survient si le moteur a des engrenages, un frein \u00e0 disque ou des roulements us\u00e9s. Parfois, un boulon desserr\u00e9 peut \u00e9galement \u00eatre \u00e0 l\u2019origine de ce bruit. Le remplacement des pi\u00e8ces us\u00e9es peut r\u00e9soudre le probl\u00e8me mais s\u2019il persiste, il est probable que les <\/em><strong>roulements du moteur ont besoin d\u2019un lubrifiant<\/strong><\/p>\n\n\n\n<div class=\"wp-block-columns is-layout-flex wp-container-core-columns-is-layout-28f84493 wp-block-columns-is-layout-flex\">\n<div class=\"wp-block-column is-vertically-aligned-center is-layout-flow wp-block-column-is-layout-flow\" style=\"flex-basis:100%\">\n<figure class=\"wp-block-image alignleft size-full\"><a href=\"https:\/\/www.repaircafesaint-egreve.fr\/wp-content\/uploads\/2023\/09\/Sans-titre.jpg\"><img loading=\"lazy\" decoding=\"async\" width=\"493\" height=\"421\" src=\"https:\/\/www.repaircafesaint-egreve.fr\/wp-content\/uploads\/2023\/09\/Sans-titre.jpg\" alt=\"\" class=\"wp-image-1768\" srcset=\"https:\/\/www.repaircafesaint-egreve.fr\/wp-content\/uploads\/2023\/09\/Sans-titre.jpg 493w, https:\/\/www.repaircafesaint-egreve.fr\/wp-content\/uploads\/2023\/09\/Sans-titre-300x256.jpg 300w\" sizes=\"auto, (max-width: 493px) 100vw, 493px\" \/><\/a><\/figure>\n\n\n\n<figure class=\"wp-block-image alignright size-full\"><a href=\"https:\/\/www.repaircafesaint-egreve.fr\/wp-content\/uploads\/2023\/09\/Sans-titr2e.jpg\"><img loading=\"lazy\" decoding=\"async\" width=\"301\" height=\"250\" src=\"https:\/\/www.repaircafesaint-egreve.fr\/wp-content\/uploads\/2023\/09\/Sans-titr2e.jpg\" alt=\"\" class=\"wp-image-1769\"\/><\/a><\/figure>\n\n\n\n<p><em>Illustration d\u2019un moteur de moyeu de roue mais la fl\u00e8che laisse croire que le stator tourne alors que c\u2019est le moyeu donc la roue qui tourne. Le stator est fixe sur l\u2019axe bloqu\u00e9 sur le cadre et les fils passent \u00e0 l\u2019int\u00e9rieur<\/em><\/p>\n\n\n\n<p style=\"text-transform:uppercase\"><strong>V\u00e9rifiez la batterie<\/strong><\/p>\n<\/div>\n<\/div>\n\n\n\n<figure class=\"wp-block-image size-large\"><a href=\"https:\/\/www.repaircafesaint-egreve.fr\/wp-content\/uploads\/2023\/09\/image.png\"><img loading=\"lazy\" decoding=\"async\" width=\"1024\" height=\"196\" src=\"https:\/\/www.repaircafesaint-egreve.fr\/wp-content\/uploads\/2023\/09\/image-1024x196.png\" alt=\"\" class=\"wp-image-1767\" srcset=\"https:\/\/www.repaircafesaint-egreve.fr\/wp-content\/uploads\/2023\/09\/image-1024x196.png 1024w, https:\/\/www.repaircafesaint-egreve.fr\/wp-content\/uploads\/2023\/09\/image-300x58.png 300w, https:\/\/www.repaircafesaint-egreve.fr\/wp-content\/uploads\/2023\/09\/image-768x147.png 768w, https:\/\/www.repaircafesaint-egreve.fr\/wp-content\/uploads\/2023\/09\/image.png 1225w\" sizes=\"auto, (max-width: 1024px) 100vw, 1024px\" \/><\/a><\/figure>\n\n\n\n<p><strong>V\u00e9rifiez<\/strong><strong> l<\/strong><strong>e chargeur <\/strong><strong>si la batterie n\u2019est pas charg\u00e9e<br><\/strong>V\u00e9rifiez si les voyants de votre chargeur s&rsquo;allument lorsque la batterie est connect\u00e9e. Testez la tension de sortie du chargeur. V\u00e9rifier qu\u2019il d\u00e9bite sur la batterie mis en charge \u00e0 l\u2019aide du wattm\u00e8tre<\/p>\n\n\n\n<h3 class=\"wp-block-heading\">V\u00e9rifiez le c\u00e2blage et les connexions<\/h3>\n\n\n\n<p>V\u00e9rifiez les connexions. Une connexion l\u00e2che peut emp\u00eacher&nbsp;les signaux entre la batterie, le contr\u00f4leur et le moteur.<br>Faites particuli\u00e8rement attention \u00e0 vos leviers de frein. il se peut qu&rsquo;il soit&nbsp;d\u00e9fectueux en gardant votre interrupteur inhibiteur de moteur en position permanente \u00ab&nbsp;marche&nbsp;\u00bb<\/p>\n\n\n\n<h4 class=\"wp-block-heading\">V\u00e9rifiez l&rsquo;interrupteur marche\/arr\u00eat<\/h4>\n\n\n\n<p>Le contr\u00f4leur marche\/arr\u00eat est responsable de l&rsquo;activation des autres pi\u00e8ces et composants du v\u00e9lo \u00e9lectrique.<\/p>\n\n\n\n<p><strong>V\u00e9rifiez le capteur de p\u00e9dalage (capteur de rotation, capteur de cadence)<\/strong><\/p>\n\n\n\n<p>Le capteur peut \u00eatre pr\u00e8s de la roue, du moteur ou du p\u00e9dalier. Il envoie une information de vitesse de rotation au controleur. Pas de mouvement, pas d\u2019assitance<\/p>\n\n\n\n<p>Il faut un certain nombre de tours de p\u00e9dalier pour que l\u2019assistance \u00e9lectrique se d\u00e9clenche<\/p>\n\n\n\n<figure class=\"wp-block-image alignleft size-medium\"><a href=\"https:\/\/www.repaircafesaint-egreve.fr\/wp-content\/uploads\/2023\/09\/Sans-titre3.jpg\"><img loading=\"lazy\" decoding=\"async\" width=\"300\" height=\"230\" src=\"https:\/\/www.repaircafesaint-egreve.fr\/wp-content\/uploads\/2023\/09\/Sans-titre3-300x230.jpg\" alt=\"\" class=\"wp-image-1771\" srcset=\"https:\/\/www.repaircafesaint-egreve.fr\/wp-content\/uploads\/2023\/09\/Sans-titre3-300x230.jpg 300w, https:\/\/www.repaircafesaint-egreve.fr\/wp-content\/uploads\/2023\/09\/Sans-titre3-768x589.jpg 768w, https:\/\/www.repaircafesaint-egreve.fr\/wp-content\/uploads\/2023\/09\/Sans-titre3.jpg 775w\" sizes=\"auto, (max-width: 300px) 100vw, 300px\" \/><\/a><\/figure>\n\n\n\n<p>Si le capteur est sur le p\u00e9dalier il est rep\u00e9rable par le fil qui le relie au controleur. Exemple de capteur basique de vitesse&nbsp;: des aimants tournant devant un capteur qui transmets un courant variable \u00e0 la commande<br><\/p>\n\n\n\n<h3 class=\"wp-block-heading\">Capteur de votre bicyclette en panne: inspection de l\u2019anneau magn\u00e9tique<\/h3>\n\n\n\n<ul class=\"wp-block-list\">\n<li>Evaluez le disque magn\u00e9tique pour vous assurer qu\u2019il est bien propre ou qu\u2019il n\u2019est pas ab\u00eem\u00e9 (les salet\u00e9s et les impuret\u00e9s peuvent emp\u00eacher les aimants d\u2019envoyer des informations aux capteurs);<\/li>\n\n\n\n<li>Nettoyez, si vous constatez qu\u2019il est sale, le disque magn\u00e9tique de pr\u00e9f\u00e9rence muni d\u2019un torchon sec et propre, ou alors avec une serviette en papier;<\/li>\n<\/ul>\n\n\n\n<h3 class=\"wp-block-heading\">Capteur p\u00e9dalage du v\u00e9lo \u00e9lectrique d\u00e9faillant: Recherche gr\u00e2ce \u00e0 la LED<\/h3>\n\n\n\n<ul class=\"wp-block-list\">\n<li>R\u00e9installez la batterie et mettez le v\u00e9lo \u00e9lectronique en marche;<\/li>\n\n\n\n<li>Surveillez la LED du capteur. Pour effectuer cette t\u00e2che, sur l\u2019\u00e9cran, positionnez le capteur niveau 1; inclinez doucement votre v\u00e9lo d\u2019un c\u00f4t\u00e9 et employez la p\u00e9dale \u00e0 la main.<\/li>\n\n\n\n<li>Pendant que vous actionnez la p\u00e9dale, un allumage suivi d\u2019un clignotement du voyant fait supposer qu\u2019il y a un <strong>probl\u00e8me avec capteur de p\u00e9dalage de votre v\u00e9lo.<\/strong><\/li>\n<\/ul>\n\n\n\n<p><strong>Certain site marchand font joyeusement la confusion et appelle capteur de puissace des trucs \u00e0 rotation. Les vrais capteur de puissance valent chers (au moins 500\u20ac)<\/strong><\/p>\n\n\n\n<p><strong>Un &nbsp;capteur de couple est&nbsp;un appareil qui mesure la quantit\u00e9 de force appliqu\u00e9e aux p\u00e9dales. Ces informations sont ensuite utilis\u00e9es pour assister le cycliste <\/strong><strong>et donne une assitance beaucoup plus souple et plus agr\u00e9able<\/strong><strong>. <\/strong><strong>Organe sophistiqu\u00e9&nbsp; difficilement r\u00e9parable. Il semble qu\u2019ils soient soit sur le p\u00e9dalier, soit dans le moyeu du p\u00e9dalier. Exemples&nbsp;:<\/strong><\/p>\n\n\n\n<figure class=\"wp-block-image alignleft size-full\"><a href=\"https:\/\/www.repaircafesaint-egreve.fr\/wp-content\/uploads\/2023\/09\/pedalier.jpg\"><img loading=\"lazy\" decoding=\"async\" width=\"400\" height=\"400\" src=\"https:\/\/www.repaircafesaint-egreve.fr\/wp-content\/uploads\/2023\/09\/pedalier.jpg\" alt=\"\" class=\"wp-image-1773\" srcset=\"https:\/\/www.repaircafesaint-egreve.fr\/wp-content\/uploads\/2023\/09\/pedalier.jpg 400w, https:\/\/www.repaircafesaint-egreve.fr\/wp-content\/uploads\/2023\/09\/pedalier-300x300.jpg 300w, https:\/\/www.repaircafesaint-egreve.fr\/wp-content\/uploads\/2023\/09\/pedalier-150x150.jpg 150w\" sizes=\"auto, (max-width: 400px) 100vw, 400px\" \/><\/a><\/figure>\n\n\n\n<figure class=\"wp-block-image size-full\"><a href=\"https:\/\/www.repaircafesaint-egreve.fr\/wp-content\/uploads\/2023\/09\/plateau.jpg\"><img loading=\"lazy\" decoding=\"async\" width=\"400\" height=\"400\" src=\"https:\/\/www.repaircafesaint-egreve.fr\/wp-content\/uploads\/2023\/09\/plateau.jpg\" alt=\"\" class=\"wp-image-1774\" srcset=\"https:\/\/www.repaircafesaint-egreve.fr\/wp-content\/uploads\/2023\/09\/plateau.jpg 400w, https:\/\/www.repaircafesaint-egreve.fr\/wp-content\/uploads\/2023\/09\/plateau-300x300.jpg 300w, https:\/\/www.repaircafesaint-egreve.fr\/wp-content\/uploads\/2023\/09\/plateau-150x150.jpg 150w\" sizes=\"auto, (max-width: 400px) 100vw, 400px\" \/><\/a><\/figure>\n\n\n\n<h2 class=\"wp-block-heading\">That&rsquo;s all Folks !<\/h2>\n","protected":false},"excerpt":{"rendered":"<p>Le comportement de conduite est d\u00e9termin\u00e9 par un capteur de rotation ou un capteur de puissance de p\u00e9dalage, en fonction du mod\u00e8le. Le fonctionnement du syst\u00e8me avec capteur de rotation est tr\u00e8s simple. D\u00e8s que vous p\u00e9dalez (vers l\u2019avant), le capteur envoie un signal au moteur. Vous le ressentez imm\u00e9diatement au niveau de l\u2019assistance qui [&hellip;]<\/p>\n","protected":false},"author":2,"featured_media":0,"parent":918,"menu_order":7,"comment_status":"closed","ping_status":"closed","template":"","meta":{"footnotes":""},"class_list":["post-1763","page","type-page","status-publish","hentry"],"blocksy_meta":[],"_links":{"self":[{"href":"https:\/\/www.repaircafesaint-egreve.fr\/index.php?rest_route=\/wp\/v2\/pages\/1763","targetHints":{"allow":["GET"]}}],"collection":[{"href":"https:\/\/www.repaircafesaint-egreve.fr\/index.php?rest_route=\/wp\/v2\/pages"}],"about":[{"href":"https:\/\/www.repaircafesaint-egreve.fr\/index.php?rest_route=\/wp\/v2\/types\/page"}],"author":[{"embeddable":true,"href":"https:\/\/www.repaircafesaint-egreve.fr\/index.php?rest_route=\/wp\/v2\/users\/2"}],"replies":[{"embeddable":true,"href":"https:\/\/www.repaircafesaint-egreve.fr\/index.php?rest_route=%2Fwp%2Fv2%2Fcomments&post=1763"}],"version-history":[{"count":6,"href":"https:\/\/www.repaircafesaint-egreve.fr\/index.php?rest_route=\/wp\/v2\/pages\/1763\/revisions"}],"predecessor-version":[{"id":1776,"href":"https:\/\/www.repaircafesaint-egreve.fr\/index.php?rest_route=\/wp\/v2\/pages\/1763\/revisions\/1776"}],"up":[{"embeddable":true,"href":"https:\/\/www.repaircafesaint-egreve.fr\/index.php?rest_route=\/wp\/v2\/pages\/918"}],"wp:attachment":[{"href":"https:\/\/www.repaircafesaint-egreve.fr\/index.php?rest_route=%2Fwp%2Fv2%2Fmedia&parent=1763"}],"curies":[{"name":"wp","href":"https:\/\/api.w.org\/{rel}","templated":true}]}}