{"id":13,"date":"2024-03-13T09:22:09","date_gmt":"2024-03-13T09:22:09","guid":{"rendered":"http:\/\/localhost:10003\/?page_id=13"},"modified":"2024-05-18T08:22:41","modified_gmt":"2024-05-18T07:22:41","slug":"bienvenue","status":"publish","type":"page","link":"https:\/\/www.repaircafesaint-egreve.fr\/","title":{"rendered":"Repair Cafe de Saint-Egr\u00e8ve"},"content":{"rendered":"\n<figure class=\"wp-block-image size-large\"><a href=\"https:\/\/www.repaircafesaint-egreve.fr\/wp-content\/uploads\/2024\/04\/logosite4.png\"><img decoding=\"async\" src=\"https:\/\/www.repaircafesaint-egreve.fr\/wp-content\/uploads\/2024\/04\/logosite4-1024x204.png\" alt=\"\" class=\"wp-image-2111\"\/><\/a><\/figure>\n\n\n\n<h2 class=\"wp-block-heading\">Cr\u00e9\u00e9 en 2013 !<\/h2>\n\n\n<h5>Site international des Repair Caf\u00e9s :\u00a0\u00a0 <span style=\"color: #0000ff;\">https:\/\/repaircafe.org<\/span><\/h5>\n<h3 class=\"western\"><strong><span style=\"color: #ff6600;\"><span style=\"font-size: x-large;\">Ce que nous ne sommes pas : un SAV, une recyclerie ou une ressourcerie o\u00f9 vous d\u00e9poserez ou abandonnerez vos objets en panne ou cass\u00e9s.<\/span><\/span><\/strong><\/h3>\n\n\n<p><\/p>\n\n\n\n<figure class=\"wp-block-image size-large\"><img loading=\"lazy\" decoding=\"async\" width=\"768\" height=\"1024\" src=\"https:\/\/www.repaircafesaint-egreve.fr\/wp-content\/uploads\/2024\/04\/DSCN4770-768x1024.jpg\" alt=\"\" class=\"wp-image-2081\" srcset=\"https:\/\/www.repaircafesaint-egreve.fr\/wp-content\/uploads\/2024\/04\/DSCN4770-768x1024.jpg 768w, https:\/\/www.repaircafesaint-egreve.fr\/wp-content\/uploads\/2024\/04\/DSCN4770-225x300.jpg 225w, https:\/\/www.repaircafesaint-egreve.fr\/wp-content\/uploads\/2024\/04\/DSCN4770.jpg 900w\" sizes=\"auto, (max-width: 768px) 100vw, 768px\" \/><\/figure>\n","protected":false},"excerpt":{"rendered":"<p>Cr\u00e9\u00e9 en 2013 ! Site international des Repair Caf\u00e9s :\u00a0\u00a0 https:\/\/repaircafe.org Ce que nous ne sommes pas : un SAV, une recyclerie ou une ressourcerie o\u00f9 vous d\u00e9poserez ou abandonnerez vos objets en panne ou cass\u00e9s.<\/p>\n","protected":false},"author":2,"featured_media":0,"parent":0,"menu_order":0,"comment_status":"closed","ping_status":"closed","template":"","meta":{"footnotes":""},"class_list":["post-13","page","type-page","status-publish","hentry"],"blocksy_meta":[],"_links":{"self":[{"href":"https:\/\/www.repaircafesaint-egreve.fr\/index.php?rest_route=\/wp\/v2\/pages\/13","targetHints":{"allow":["GET"]}}],"collection":[{"href":"https:\/\/www.repaircafesaint-egreve.fr\/index.php?rest_route=\/wp\/v2\/pages"}],"about":[{"href":"https:\/\/www.repaircafesaint-egreve.fr\/index.php?rest_route=\/wp\/v2\/types\/page"}],"author":[{"embeddable":true,"href":"https:\/\/www.repaircafesaint-egreve.fr\/index.php?rest_route=\/wp\/v2\/users\/2"}],"replies":[{"embeddable":true,"href":"https:\/\/www.repaircafesaint-egreve.fr\/index.php?rest_route=%2Fwp%2Fv2%2Fcomments&post=13"}],"version-history":[{"count":4,"href":"https:\/\/www.repaircafesaint-egreve.fr\/index.php?rest_route=\/wp\/v2\/pages\/13\/revisions"}],"predecessor-version":[{"id":2211,"href":"https:\/\/www.repaircafesaint-egreve.fr\/index.php?rest_route=\/wp\/v2\/pages\/13\/revisions\/2211"}],"wp:attachment":[{"href":"https:\/\/www.repaircafesaint-egreve.fr\/index.php?rest_route=%2Fwp%2Fv2%2Fmedia&parent=13"}],"curies":[{"name":"wp","href":"https:\/\/api.w.org\/{rel}","templated":true}]}}