{"id":1215,"date":"2016-06-06T11:41:35","date_gmt":"2016-06-06T10:41:35","guid":{"rendered":"http:\/\/www.repaircafesaint-egreve.fr\/?page_id=1215"},"modified":"2021-10-07T08:40:33","modified_gmt":"2021-10-07T07:40:33","slug":"fuite-magimix-nespresso","status":"publish","type":"page","link":"https:\/\/www.repaircafesaint-egreve.fr\/?page_id=1215","title":{"rendered":"fuite Nespresso"},"content":{"rendered":"\n<p><strong><span style=\"text-decoration: underline;\">Magimix ou Ktupps kif kif<\/span><\/strong><\/p>\n\n\n\n<p><strong><span style=\"text-decoration: underline;\">Fuite d&rsquo;eau au niveau du l&rsquo;unit\u00e9 de brassage<br><\/span><\/strong><\/p>\n\n\n\n<p>Le joint d&rsquo;origine n&rsquo;est plus disponible. Le tests d&rsquo;un joint torique standard n&rsquo;a pas abouti . La fuite provient-elle vraiment de ce joint? Nous en doutons car la port\u00e9e et le joint ne comportent pas de d\u00e9faut .La seule issue est le remplacement de l&rsquo;unit\u00e9 de brassage (40\u20ac environ)<br><\/p>\n\n\n\n<p>La nouvelle version M105 o\u00f9 le corps de chauffe est associ\u00e9 \u00e0 l&rsquo;unit\u00e9 de brassage &#8230;. fuit toujours autant. C&rsquo;est un joint  torique plus classique et Il y a un tr\u00e8s bon tutoriel de d\u00e9montage sur le net<br>Et c&rsquo;est toujours 40\u20ac !!<\/p>\n","protected":false},"excerpt":{"rendered":"<p>Magimix ou Ktupps kif kif Fuite d&rsquo;eau au niveau du l&rsquo;unit\u00e9 de brassage Le joint d&rsquo;origine n&rsquo;est plus disponible. Le tests d&rsquo;un joint torique standard n&rsquo;a pas abouti . La fuite provient-elle vraiment de ce joint? Nous en doutons car la port\u00e9e et le joint ne comportent pas de d\u00e9faut .La seule issue est le [&hellip;]<\/p>\n","protected":false},"author":2,"featured_media":0,"parent":0,"menu_order":0,"comment_status":"closed","ping_status":"closed","template":"","meta":{"footnotes":""},"class_list":["post-1215","page","type-page","status-publish","hentry"],"blocksy_meta":[],"_links":{"self":[{"href":"https:\/\/www.repaircafesaint-egreve.fr\/index.php?rest_route=\/wp\/v2\/pages\/1215","targetHints":{"allow":["GET"]}}],"collection":[{"href":"https:\/\/www.repaircafesaint-egreve.fr\/index.php?rest_route=\/wp\/v2\/pages"}],"about":[{"href":"https:\/\/www.repaircafesaint-egreve.fr\/index.php?rest_route=\/wp\/v2\/types\/page"}],"author":[{"embeddable":true,"href":"https:\/\/www.repaircafesaint-egreve.fr\/index.php?rest_route=\/wp\/v2\/users\/2"}],"replies":[{"embeddable":true,"href":"https:\/\/www.repaircafesaint-egreve.fr\/index.php?rest_route=%2Fwp%2Fv2%2Fcomments&post=1215"}],"version-history":[{"count":8,"href":"https:\/\/www.repaircafesaint-egreve.fr\/index.php?rest_route=\/wp\/v2\/pages\/1215\/revisions"}],"predecessor-version":[{"id":1636,"href":"https:\/\/www.repaircafesaint-egreve.fr\/index.php?rest_route=\/wp\/v2\/pages\/1215\/revisions\/1636"}],"wp:attachment":[{"href":"https:\/\/www.repaircafesaint-egreve.fr\/index.php?rest_route=%2Fwp%2Fv2%2Fmedia&parent=1215"}],"curies":[{"name":"wp","href":"https:\/\/api.w.org\/{rel}","templated":true}]}}