{"id":1146,"date":"2016-01-27T09:15:24","date_gmt":"2016-01-27T08:15:24","guid":{"rendered":"http:\/\/www.repaircafesaint-egreve.fr\/?page_id=1146"},"modified":"2018-02-28T11:21:26","modified_gmt":"2018-02-28T10:21:26","slug":"senseo-2","status":"publish","type":"page","link":"https:\/\/www.repaircafesaint-egreve.fr\/?page_id=1146","title":{"rendered":"Sens\u00e9o"},"content":{"rendered":"<p>CONDENSATEUR 0.47\u00b5F \/ 275V Sens\u00e9o<\/p>\n<p>Votre Sens\u00e9o s&rsquo;allume et s&rsquo;\u00e9teint sans raison ?<br \/>\nSi la carte \u00e9lectronique a un condensateur jaune, il est \u00e0 remplacer par le nouveau mod\u00e8le bleu.<\/p>\n<p>Liste des S\u00e9ns\u00e9o concern\u00e9es :<\/p>\n<table>\n<tbody>\n<tr>\n<td width=\"116\">HD7800\/61<br \/>\nHD7800\/71<br \/>\nHD7805\/10<br \/>\nHD7805\/11<br \/>\nHD7810\/10<br \/>\nHD7810\/11<br \/>\nHD7810\/12<br \/>\nHD7810\/13<br \/>\nHD7810\/20<br \/>\nHD7810\/21<br \/>\nHD7810\/31<br \/>\nHD7810\/51<br \/>\nHD7810\/55<br \/>\nHD7810\/56<br \/>\nHD7810\/61<br \/>\nHD7810\/64<br \/>\nHD7810\/67<br \/>\nHD7810\/68<br \/>\nHD7810\/70<br \/>\nHD7810\/71<\/td>\n<td width=\"116\">HD7810\/78<br \/>\nHD7810\/81<br \/>\nHD7810\/90<br \/>\nHD7810\/91<br \/>\nHD7812\/11<br \/>\nHD7812\/20<br \/>\nHD7812\/21<br \/>\nHD7812\/50<br \/>\nHD7812\/51<br \/>\nHD7812\/61<br \/>\nHD7820\/31<br \/>\nHD7820\/33<br \/>\nHD7820\/51<br \/>\nHD7820\/53<br \/>\nHD7820\/60<br \/>\nHD7820\/61<br \/>\nHD7820\/63<br \/>\nHD7820\/70<br \/>\nHD7820\/71<br \/>\nHD7820\/73<\/td>\n<td width=\"116\">HD7822\/60<br \/>\nHD7823\/10<br \/>\nHD7823\/11<br \/>\nHD7823\/21<br \/>\nHD7823\/31<br \/>\nHD7823\/41<br \/>\nHD7823\/51<br \/>\nHD7823\/61<br \/>\nHD7823\/80<br \/>\nHD7823\/81<br \/>\nHD7823\/91<br \/>\nHD7824\/50<br \/>\nHD7824\/51<br \/>\nHD7824\/53<br \/>\nHD7824\/59<br \/>\nHD7824\/60<br \/>\nHD7824\/61<br \/>\nHD7824\/63<br \/>\nHD7824\/80 HD7824\/81<\/td>\n<td width=\"116\">HD7830\/50<br \/>\nHD7830\/51<br \/>\nHD7830\/53<br \/>\nHD7830\/60<br \/>\nHD7830\/61<br \/>\nHD7830\/63<br \/>\nHD7830\/70<br \/>\nHD7830\/71<br \/>\nHD7830\/81<br \/>\nHD7842\/01<br \/>\nHD7850\/61<br \/>\nHD7850\/63<br \/>\nHD7850\/68<br \/>\nHD7850\/81<br \/>\nHD7850\/83<br \/>\nHD7850\/88<br \/>\nHD7860\/11<br \/>\nHD7860\/18<br \/>\nHD7860\/60<br \/>\nHD7860\/61<\/td>\n<td width=\"116\">HD7860\/68<br \/>\nHD7860\/81<br \/>\nHD7823\/90<br \/>\nHD7825\/60<br \/>\nHD7825\/30<br \/>\nHD7811\/62<br \/>\nHD7811\/72<br \/>\nHD7813\/62<br \/>\nHD7823\/73<br \/>\nHD7825\/61<br \/>\nHD7811\/55<br \/>\nHD7825\/71<br \/>\nHD7811\/92<br \/>\nHD7827\/51<br \/>\nHD7835\/11<br \/>\nHD7825\/31<br \/>\nHD7825\/81<br \/>\nHD7850\/60<br \/>\nHD7840\/01<br \/>\nHD7820\/69<\/td>\n<td width=\"116\">HD7825\/88<br \/>\nHD7843\/01<br \/>\nHD7850\/80<br \/>\nHD7852\/50<br \/>\nHD7825\/89<br \/>\nHD7841\/01<br \/>\nHD7860\/62<br \/>\nHD7828\/11<br \/>\nHD7825\/58<br \/>\nHD7825\/51<br \/>\nHD7862\/21<br \/>\nHD7860\/82<br \/>\nHD7854\/80<br \/>\nHD7823\/50<br \/>\nHD7810\/41<br \/>\nHD7810\/63<br \/>\nHD7812\/58<br \/>\nHD7853\/61<br \/>\nHD7825\/62<br \/>\nHD7826\/18<\/td>\n<td width=\"116\">HD7854\/60<br \/>\nHD7825\/11<br \/>\nHD7825\/21<br \/>\nHD7825\/41<br \/>\nHD7842\/00<br \/>\nHD7826\/61<br \/>\nHD7860\/21<br \/>\nHD7853\/62<br \/>\nHD7826\/11<br \/>\nHD7812\/63<br \/>\nHD7827\/52<br \/>\nHD7822\/72<br \/>\nHD7812\/52<br \/>\nHD7825\/10<br \/>\nHD7862\/20<br \/>\nHD7812\/60<br \/>\nHD7825\/40<\/td>\n<\/tr>\n<\/tbody>\n<\/table>\n<p><a href=\"https:\/\/www.repaircafesaint-egreve.fr\/wp-content\/uploads\/2016\/01\/senseo_7.jpg\"><img loading=\"lazy\" decoding=\"async\" class=\"alignleft wp-image-1154 size-thumbnail\" src=\"https:\/\/www.repaircafesaint-egreve.fr\/wp-content\/uploads\/2016\/01\/senseo_7-150x150.jpg\" alt=\"senseo_7\" width=\"150\" height=\"150\" \/><\/a><a href=\"https:\/\/www.repaircafesaint-egreve.fr\/wp-content\/uploads\/2016\/01\/senseo_6.jpg\"><img loading=\"lazy\" decoding=\"async\" class=\"aligncenter wp-image-1153 size-thumbnail\" src=\"https:\/\/www.repaircafesaint-egreve.fr\/wp-content\/uploads\/2016\/01\/senseo_6-150x150.jpg\" alt=\"senseo_6\" width=\"150\" height=\"150\" \/><\/a><\/p>\n<p><a href=\"https:\/\/www.repaircafesaint-egreve.fr\/wp-content\/uploads\/2016\/01\/senseo_1.jpg\"><img loading=\"lazy\" decoding=\"async\" class=\"aligncenter wp-image-1148 size-large\" src=\"https:\/\/www.repaircafesaint-egreve.fr\/wp-content\/uploads\/2016\/01\/senseo_1-768x1024.jpg\" alt=\"senseo_1\" width=\"510\" height=\"680\" srcset=\"https:\/\/www.repaircafesaint-egreve.fr\/wp-content\/uploads\/2016\/01\/senseo_1-768x1024.jpg 768w, https:\/\/www.repaircafesaint-egreve.fr\/wp-content\/uploads\/2016\/01\/senseo_1-225x300.jpg 225w, https:\/\/www.repaircafesaint-egreve.fr\/wp-content\/uploads\/2016\/01\/senseo_1.jpg 900w\" sizes=\"auto, (max-width: 510px) 100vw, 510px\" \/><\/a><\/p>\n<p><a href=\"https:\/\/www.repaircafesaint-egreve.fr\/wp-content\/uploads\/2016\/01\/senseo_2.jpg\"><img loading=\"lazy\" decoding=\"async\" class=\"aligncenter wp-image-1149 size-large\" src=\"https:\/\/www.repaircafesaint-egreve.fr\/wp-content\/uploads\/2016\/01\/senseo_2-681x1024.jpg\" alt=\"senseo_2\" width=\"510\" height=\"767\" srcset=\"https:\/\/www.repaircafesaint-egreve.fr\/wp-content\/uploads\/2016\/01\/senseo_2-681x1024.jpg 681w, https:\/\/www.repaircafesaint-egreve.fr\/wp-content\/uploads\/2016\/01\/senseo_2-199x300.jpg 199w, https:\/\/www.repaircafesaint-egreve.fr\/wp-content\/uploads\/2016\/01\/senseo_2.jpg 794w\" sizes=\"auto, (max-width: 510px) 100vw, 510px\" \/><\/a><\/p>\n<p><a href=\"https:\/\/www.repaircafesaint-egreve.fr\/?attachment_id=1332\" rel=\"attachment wp-att-1332\"><img loading=\"lazy\" decoding=\"async\" class=\"aligncenter wp-image-1332 size-large\" src=\"https:\/\/www.repaircafesaint-egreve.fr\/wp-content\/uploads\/2018\/02\/torxde15-768x1024.jpg\" alt=\"\" width=\"510\" height=\"680\" srcset=\"https:\/\/www.repaircafesaint-egreve.fr\/wp-content\/uploads\/2018\/02\/torxde15.jpg 768w, https:\/\/www.repaircafesaint-egreve.fr\/wp-content\/uploads\/2018\/02\/torxde15-225x300.jpg 225w\" sizes=\"auto, (max-width: 510px) 100vw, 510px\" \/><\/a><a href=\"https:\/\/www.repaircafesaint-egreve.fr\/wp-content\/uploads\/2016\/01\/senseo_3.jpg\"><img loading=\"lazy\" decoding=\"async\" class=\"aligncenter wp-image-1150 size-large\" src=\"https:\/\/www.repaircafesaint-egreve.fr\/wp-content\/uploads\/2016\/01\/senseo_3-768x1024.jpg\" alt=\"senseo_3\" width=\"510\" height=\"680\" srcset=\"https:\/\/www.repaircafesaint-egreve.fr\/wp-content\/uploads\/2016\/01\/senseo_3-768x1024.jpg 768w, https:\/\/www.repaircafesaint-egreve.fr\/wp-content\/uploads\/2016\/01\/senseo_3-225x300.jpg 225w, https:\/\/www.repaircafesaint-egreve.fr\/wp-content\/uploads\/2016\/01\/senseo_3.jpg 900w\" sizes=\"auto, (max-width: 510px) 100vw, 510px\" \/><\/a><\/p>\n<p>&nbsp;<\/p>\n<p><a href=\"https:\/\/www.repaircafesaint-egreve.fr\/wp-content\/uploads\/2016\/01\/senseo_5.jpg\"><img loading=\"lazy\" decoding=\"async\" class=\"aligncenter wp-image-1152 size-large\" src=\"https:\/\/www.repaircafesaint-egreve.fr\/wp-content\/uploads\/2016\/01\/senseo_5-1024x768.jpg\" alt=\"senseo_5\" width=\"510\" height=\"383\" srcset=\"https:\/\/www.repaircafesaint-egreve.fr\/wp-content\/uploads\/2016\/01\/senseo_5-1024x768.jpg 1024w, https:\/\/www.repaircafesaint-egreve.fr\/wp-content\/uploads\/2016\/01\/senseo_5-300x225.jpg 300w, https:\/\/www.repaircafesaint-egreve.fr\/wp-content\/uploads\/2016\/01\/senseo_5.jpg 1200w\" sizes=\"auto, (max-width: 510px) 100vw, 510px\" \/><\/a><\/p>\n<p>That&rsquo;s all folks !<\/p>\n","protected":false},"excerpt":{"rendered":"<p>CONDENSATEUR 0.47\u00b5F \/ 275V Sens\u00e9o Votre Sens\u00e9o s&rsquo;allume et s&rsquo;\u00e9teint sans raison ? Si la carte \u00e9lectronique a un condensateur jaune, il est \u00e0 remplacer par le nouveau mod\u00e8le bleu. Liste des S\u00e9ns\u00e9o concern\u00e9es : HD7800\/61 HD7800\/71 HD7805\/10 HD7805\/11 HD7810\/10 HD7810\/11 HD7810\/12 HD7810\/13 HD7810\/20 HD7810\/21 HD7810\/31 HD7810\/51 HD7810\/55 HD7810\/56 HD7810\/61 HD7810\/64 HD7810\/67 HD7810\/68 HD7810\/70 HD7810\/71 [&hellip;]<\/p>\n","protected":false},"author":2,"featured_media":0,"parent":918,"menu_order":0,"comment_status":"closed","ping_status":"closed","template":"","meta":{"footnotes":""},"class_list":["post-1146","page","type-page","status-publish","hentry"],"blocksy_meta":[],"_links":{"self":[{"href":"https:\/\/www.repaircafesaint-egreve.fr\/index.php?rest_route=\/wp\/v2\/pages\/1146","targetHints":{"allow":["GET"]}}],"collection":[{"href":"https:\/\/www.repaircafesaint-egreve.fr\/index.php?rest_route=\/wp\/v2\/pages"}],"about":[{"href":"https:\/\/www.repaircafesaint-egreve.fr\/index.php?rest_route=\/wp\/v2\/types\/page"}],"author":[{"embeddable":true,"href":"https:\/\/www.repaircafesaint-egreve.fr\/index.php?rest_route=\/wp\/v2\/users\/2"}],"replies":[{"embeddable":true,"href":"https:\/\/www.repaircafesaint-egreve.fr\/index.php?rest_route=%2Fwp%2Fv2%2Fcomments&post=1146"}],"version-history":[{"count":4,"href":"https:\/\/www.repaircafesaint-egreve.fr\/index.php?rest_route=\/wp\/v2\/pages\/1146\/revisions"}],"predecessor-version":[{"id":1334,"href":"https:\/\/www.repaircafesaint-egreve.fr\/index.php?rest_route=\/wp\/v2\/pages\/1146\/revisions\/1334"}],"up":[{"embeddable":true,"href":"https:\/\/www.repaircafesaint-egreve.fr\/index.php?rest_route=\/wp\/v2\/pages\/918"}],"wp:attachment":[{"href":"https:\/\/www.repaircafesaint-egreve.fr\/index.php?rest_route=%2Fwp%2Fv2%2Fmedia&parent=1146"}],"curies":[{"name":"wp","href":"https:\/\/api.w.org\/{rel}","templated":true}]}}